{"id":3919,"date":"2019-10-01T13:31:29","date_gmt":"2019-10-01T11:31:29","guid":{"rendered":"https:\/\/toneoflifegongs.com\/product\/gong-bag-reinforced-for-42-gong\/"},"modified":"2020-01-28T14:53:38","modified_gmt":"2020-01-28T13:53:38","slug":"cubierta-de-gong-reforzada-para-gongs-de-42","status":"publish","type":"product","link":"https:\/\/toneoflifegongs.com\/es\/cubierta-de-gong-reforzada-para-gongs-de-42\/","title":{"rendered":"Cubierta de gong &#8211; reforzada para gongs de 42&#8243;"},"content":{"rendered":"<p>Esta funda acolchada para gong resulta c\u00f3moda, segura y f\u00e1cil de usar.<span class=\"Apple-converted-space\">\u00a0 <\/span>Tiene el mango reforzado, anillo de gong protegido, borde de soporte antideslizante y pr\u00e1ctico bolsillo para los bastones.<\/p>\n<p>Seis tama\u00f1os disponibles en stock. Posibilidad de pedir otros tama\u00f1os.<\/p>\n<p>Producto creado en Polonia.<\/p>\n","protected":false},"excerpt":{"rendered":"<p>Esta funda acolchada para gong resulta c\u00f3moda, segura y f\u00e1cil de usar. Tiene el mango reforzado, anillo de gong protegido, borde de soporte antideslizante y pr\u00e1ctico bolsillo para los bastones.<\/p>\n<p align=\"LEFT\">\n","protected":false},"featured_media":2443,"comment_status":"open","ping_status":"closed","template":"","meta":{"_acf_changed":false},"product_brand":[],"product_cat":[200,199],"product_tag":[],"class_list":{"0":"post-3919","1":"product","2":"type-product","3":"status-publish","4":"has-post-thumbnail","6":"product_cat-bags-es","7":"product_cat-gong-bags-2-es","9":"first","10":"instock","11":"shipping-taxable","12":"purchasable","13":"product-type-simple"},"acf":[],"_links":{"self":[{"href":"https:\/\/toneoflifegongs.com\/es\/wp-json\/wp\/v2\/product\/3919","targetHints":{"allow":["GET"]}}],"collection":[{"href":"https:\/\/toneoflifegongs.com\/es\/wp-json\/wp\/v2\/product"}],"about":[{"href":"https:\/\/toneoflifegongs.com\/es\/wp-json\/wp\/v2\/types\/product"}],"replies":[{"embeddable":true,"href":"https:\/\/toneoflifegongs.com\/es\/wp-json\/wp\/v2\/comments?post=3919"}],"wp:featuredmedia":[{"embeddable":true,"href":"https:\/\/toneoflifegongs.com\/es\/wp-json\/wp\/v2\/media\/2443"}],"wp:attachment":[{"href":"https:\/\/toneoflifegongs.com\/es\/wp-json\/wp\/v2\/media?parent=3919"}],"wp:term":[{"taxonomy":"product_brand","embeddable":true,"href":"https:\/\/toneoflifegongs.com\/es\/wp-json\/wp\/v2\/product_brand?post=3919"},{"taxonomy":"product_cat","embeddable":true,"href":"https:\/\/toneoflifegongs.com\/es\/wp-json\/wp\/v2\/product_cat?post=3919"},{"taxonomy":"product_tag","embeddable":true,"href":"https:\/\/toneoflifegongs.com\/es\/wp-json\/wp\/v2\/product_tag?post=3919"}],"curies":[{"name":"wp","href":"https:\/\/api.w.org\/{rel}","templated":true}]}}