{"id":3879,"date":"2019-10-07T14:12:04","date_gmt":"2019-10-07T12:12:04","guid":{"rendered":"https:\/\/toneoflifegongs.com\/product\/gong-mallet-professional-wm7-long-version\/"},"modified":"2024-08-22T17:59:54","modified_gmt":"2024-08-22T15:59:54","slug":"palos-de-gong-profesional-wm7-version-mas-larga","status":"publish","type":"product","link":"https:\/\/toneoflifegongs.com\/es\/palos-de-gong-profesional-wm7-version-mas-larga\/","title":{"rendered":"Palos de gong \u2013 Profesional \u2013 WM7 (Versi\u00f3n m\u00e1s larga)"},"content":{"rendered":"<p>Los palos Tone of Life Professional han sido especialmente dise\u00f1ados para tocar en todo tipo de gongs. El palo tiene una base de fieltro ligeramente el\u00e1stica. El mango de madera de haya est\u00e1 equilibrado ergon\u00f3micamente. La marca de color en el mango facilita la elecci\u00f3n del peso adecuado para su actuaci\u00f3n. La versi\u00f3n m\u00e1s corta \u00ab-S\u00bb es particularmente adecuado para tocar sentado.<\/p>\n<p>Tama\u00f1os: WM2-WM11. WM2 es el tama\u00f1o m\u00e1s peque\u00f1o, siendo WM11 el m\u00e1s grande.<\/p>\n<p>WM2 (gris, peso- 240g), \u00d8 Gong 40-80cm, versi\u00f3n m\u00e1s larga &#8211; longitud &#8211; 45 cm, versi\u00f3n m\u00e1s corta: &#8211; longitud 35 cm<\/p>\n<p>WM3 (marr\u00f3n, peso- 320g), \u00d8 Gong 55-90cm, versi\u00f3n m\u00e1s larga &#8211; longitud &#8211; 46 cm, versi\u00f3n m\u00e1s corta: &#8211; longitud 36 cm<\/p>\n<p>WM4 (verde, peso &#8211; 370 g), \u00d8 Gong 60-100 cm, versi\u00f3n m\u00e1s larga &#8211; longitud &#8211; 46 cm, versi\u00f3n m\u00e1s corta: &#8211; longitud 36 cm<\/p>\n<p>WM5 (amarillo, peso &#8211; 460g), \u00d8 Gong 65-110cm, versi\u00f3n m\u00e1s larga &#8211; longitud &#8211; 46 cm, versi\u00f3n m\u00e1s corta: &#8211; longitud 36 cm<\/p>\n<p>WM6 (azul, peso- 500g), \u00d8 Gong 75-115cm, versi\u00f3n m\u00e1s larga &#8211; longitud &#8211; 48 cm, versi\u00f3n m\u00e1s corta: &#8211; longitud 38 cm<\/p>\n<p>WM7 (rojo, peso &#8211; 590 g), \u00d8 Gong 85-130 cm, versi\u00f3n m\u00e1s larga &#8211; longitud &#8211; 48 cm, versi\u00f3n m\u00e1s corta: &#8211; longitud 38 cm<\/p>\n<p>WM8 (negro, peso &#8211; 820g), \u00d8 Gong 100-140cm, versi\u00f3n m\u00e1s larga &#8211; longitud &#8211; 55 cm, versi\u00f3n m\u00e1s corta: &#8211; longitud 44 cm<\/p>\n<p>WM9 (naranja, peso &#8211; 950 g), \u00d8 Gong 110-150 cm, versi\u00f3n m\u00e1s larga &#8211; longitud &#8211; 54 cm, versi\u00f3n m\u00e1s corta: &#8211; longitud 44 cm<\/p>\n<p>WM110 (lim\u00f3n, peso &#8211; 1050g), \u00d8 Gong 130-170cm, versi\u00f3n m\u00e1s larga &#8211; longitud &#8211; 55 cm, versi\u00f3n m\u00e1s corta: &#8211; longitud 45 cm<\/p>\n<p>WM11 (burdeos, peso- 1300g), \u00d8 Gong 150-200cm, versi\u00f3n m\u00e1s larga &#8211; longitud &#8211; 56 cm, versi\u00f3n m\u00e1s corta: &#8211; longitud 46 cm<\/p>\n","protected":false},"excerpt":{"rendered":"<p>Los palos Tone of Life Professional han sido especialmente dise\u00f1ados para tocar en todo tipo de gongs. El palo tiene una base de fieltro ligeramente el\u00e1stica. La marca de color en el mango facilita la elecci\u00f3n del peso adecuado para su actuaci\u00f3n. La versi\u00f3n m\u00e1s corta \u00ab-S\u00bb es particularmente adecuado para tocar sentado.<\/p>\n","protected":false},"featured_media":2793,"comment_status":"open","ping_status":"closed","template":"","meta":{"_acf_changed":false},"product_brand":[],"product_cat":[191,194],"product_tag":[],"class_list":{"0":"post-3879","1":"product","2":"type-product","3":"status-publish","4":"has-post-thumbnail","6":"product_cat-mallets-es","7":"product_cat-wooden-mallets-es","9":"first","10":"instock","11":"shipping-taxable","12":"purchasable","13":"product-type-simple"},"acf":[],"_links":{"self":[{"href":"https:\/\/toneoflifegongs.com\/es\/wp-json\/wp\/v2\/product\/3879","targetHints":{"allow":["GET"]}}],"collection":[{"href":"https:\/\/toneoflifegongs.com\/es\/wp-json\/wp\/v2\/product"}],"about":[{"href":"https:\/\/toneoflifegongs.com\/es\/wp-json\/wp\/v2\/types\/product"}],"replies":[{"embeddable":true,"href":"https:\/\/toneoflifegongs.com\/es\/wp-json\/wp\/v2\/comments?post=3879"}],"wp:featuredmedia":[{"embeddable":true,"href":"https:\/\/toneoflifegongs.com\/es\/wp-json\/wp\/v2\/media\/2793"}],"wp:attachment":[{"href":"https:\/\/toneoflifegongs.com\/es\/wp-json\/wp\/v2\/media?parent=3879"}],"wp:term":[{"taxonomy":"product_brand","embeddable":true,"href":"https:\/\/toneoflifegongs.com\/es\/wp-json\/wp\/v2\/product_brand?post=3879"},{"taxonomy":"product_cat","embeddable":true,"href":"https:\/\/toneoflifegongs.com\/es\/wp-json\/wp\/v2\/product_cat?post=3879"},{"taxonomy":"product_tag","embeddable":true,"href":"https:\/\/toneoflifegongs.com\/es\/wp-json\/wp\/v2\/product_tag?post=3879"}],"curies":[{"name":"wp","href":"https:\/\/api.w.org\/{rel}","templated":true}]}}