{"id":3849,"date":"2019-10-07T12:06:27","date_gmt":"2019-10-07T10:06:27","guid":{"rendered":"https:\/\/toneoflifegongs.com\/product\/gong-mallet-classic-series-m7\/"},"modified":"2020-01-28T11:22:28","modified_gmt":"2020-01-28T10:22:28","slug":"palos-de-gong-serie-classic-m7","status":"publish","type":"product","link":"https:\/\/toneoflifegongs.com\/es\/palos-de-gong-serie-classic-m7\/","title":{"rendered":"Palos de gong &#8211; Serie Classic \u2013 M7"},"content":{"rendered":"<p>Los palos Tone of Life Classic han sido especialmente dise\u00f1ados para tocar en muchos tipos diferentes de gongs. La base de la cabeza est\u00e1 hecha de fieltro ligeramente el\u00e1stico. El mango de la serie Classic est\u00e1 fabricado con aluminio recubierto. El c\u00f3digo de color en los mangos le ayuda a elegir el peso correcto durante la actuaci\u00f3n. Adjuntamos un soporte para cada palo.<\/p>\n<p>Tama\u00f1os: de M1 a M8. M1 es el tama\u00f1o m\u00e1s peque\u00f1o, siendo M8 el m\u00e1s grande.<\/p>\n<p>M1 (blanco, peso &#8211; 210 g, longitud &#8211; 32 cm), \u00d8 Gong: hasta 50 cm<\/p>\n<p>M2 (gris, peso &#8211; 260 g, longitud &#8211; 32 cm), \u00d8 Gong: de 40 a 80 cm<\/p>\n<p>M3 (marr\u00f3n, peso &#8211; 315 g, longitud &#8211; 32cm), \u00d8 Gong: de 50 a 90 cm<\/p>\n<p>M4 (verde, peso &#8211; 360 g, longitud &#8211; 32 cm), \u00d8 Gong: de 60 a 100 cm<\/p>\n<p>M5 (amarillo, peso &#8211; 420 g, longitud &#8211; 33 cm), \u00d8 Gong: de 65 a 110 cm<\/p>\n<p>M6 (azul, peso &#8211; 520 g, longitud &#8211; 33cm), \u00d8 Gong: de 75 a 120 cm<\/p>\n<p>M7 (naranja, peso &#8211; 900 g, longitud &#8211; 33cm), \u00d8 Gong: de 100 a 150 cm<\/p>\n<p>M8 (marr\u00f3n oscuro, peso &#8211; 1310 g, longitud &#8211; 38cm), \u00d8 Gong: de 130 a 200 cm<\/p>\n","protected":false},"excerpt":{"rendered":"<p>Los palos Tone of Life Classic han sido especialmente dise\u00f1ados para tocar en muchos tipos diferentes de gongs. La base de la cabeza est\u00e1 hecha de fieltro ligeramente el\u00e1stico. El mango de la serie Classic est\u00e1 fabricado con aluminio recubierto.<\/p>\n<p><span class=\"im\">\u00a0<\/span><\/p>\n","protected":false},"featured_media":2720,"comment_status":"open","ping_status":"closed","template":"","meta":{"_acf_changed":false},"product_brand":[],"product_cat":[191,192],"product_tag":[],"class_list":{"0":"post-3849","1":"product","2":"type-product","3":"status-publish","4":"has-post-thumbnail","6":"product_cat-mallets-es","7":"product_cat-aluminum-mallets-es","9":"first","10":"instock","11":"shipping-taxable","12":"purchasable","13":"product-type-simple"},"acf":[],"_links":{"self":[{"href":"https:\/\/toneoflifegongs.com\/es\/wp-json\/wp\/v2\/product\/3849","targetHints":{"allow":["GET"]}}],"collection":[{"href":"https:\/\/toneoflifegongs.com\/es\/wp-json\/wp\/v2\/product"}],"about":[{"href":"https:\/\/toneoflifegongs.com\/es\/wp-json\/wp\/v2\/types\/product"}],"replies":[{"embeddable":true,"href":"https:\/\/toneoflifegongs.com\/es\/wp-json\/wp\/v2\/comments?post=3849"}],"wp:featuredmedia":[{"embeddable":true,"href":"https:\/\/toneoflifegongs.com\/es\/wp-json\/wp\/v2\/media\/2720"}],"wp:attachment":[{"href":"https:\/\/toneoflifegongs.com\/es\/wp-json\/wp\/v2\/media?parent=3849"}],"wp:term":[{"taxonomy":"product_brand","embeddable":true,"href":"https:\/\/toneoflifegongs.com\/es\/wp-json\/wp\/v2\/product_brand?post=3849"},{"taxonomy":"product_cat","embeddable":true,"href":"https:\/\/toneoflifegongs.com\/es\/wp-json\/wp\/v2\/product_cat?post=3849"},{"taxonomy":"product_tag","embeddable":true,"href":"https:\/\/toneoflifegongs.com\/es\/wp-json\/wp\/v2\/product_tag?post=3849"}],"curies":[{"name":"wp","href":"https:\/\/api.w.org\/{rel}","templated":true}]}}