{"id":3828,"date":"2019-10-01T14:22:16","date_gmt":"2019-10-01T12:22:16","guid":{"rendered":"https:\/\/toneoflifegongs.com\/product\/travel-stand-bag\/"},"modified":"2023-01-16T10:23:10","modified_gmt":"2023-01-16T09:23:10","slug":"cubierta-para-soporte-movil","status":"publish","type":"product","link":"https:\/\/toneoflifegongs.com\/es\/cubierta-para-soporte-movil\/","title":{"rendered":"Cubierta para soporte m\u00f3vil"},"content":{"rendered":"<p>\u00a1Nuestra funda para el soporte m\u00f3vil resistente y f\u00e1cil de transportar! Correa de transporte y asa reforzadas. Dise\u00f1ado para un \u00fanico soporte de hasta 42 \u2033\/105cm en acero inoxidable.<\/p>\n","protected":false},"excerpt":{"rendered":"<p>\u00a1Nuestra funda para el soporte m\u00f3vil resistente y f\u00e1cil de transportar! Correa de transporte y asa reforzadas. Dise\u00f1ado para un \u00fanico soporte de hasta 42 \u2033\/105cm en acero inoxidable.<\/p>\n<p align=\"LEFT\">\n","protected":false},"featured_media":3115,"comment_status":"open","ping_status":"closed","template":"","meta":{"_acf_changed":false},"product_brand":[],"product_cat":[182,178],"product_tag":[],"class_list":{"0":"post-3828","1":"product","2":"type-product","3":"status-publish","4":"has-post-thumbnail","6":"product_cat-gong-stand-bag-es","7":"product_cat-gong-stands-es","9":"first","10":"instock","11":"shipping-taxable","12":"purchasable","13":"product-type-simple"},"acf":[],"_links":{"self":[{"href":"https:\/\/toneoflifegongs.com\/es\/wp-json\/wp\/v2\/product\/3828","targetHints":{"allow":["GET"]}}],"collection":[{"href":"https:\/\/toneoflifegongs.com\/es\/wp-json\/wp\/v2\/product"}],"about":[{"href":"https:\/\/toneoflifegongs.com\/es\/wp-json\/wp\/v2\/types\/product"}],"replies":[{"embeddable":true,"href":"https:\/\/toneoflifegongs.com\/es\/wp-json\/wp\/v2\/comments?post=3828"}],"wp:featuredmedia":[{"embeddable":true,"href":"https:\/\/toneoflifegongs.com\/es\/wp-json\/wp\/v2\/media\/3115"}],"wp:attachment":[{"href":"https:\/\/toneoflifegongs.com\/es\/wp-json\/wp\/v2\/media?parent=3828"}],"wp:term":[{"taxonomy":"product_brand","embeddable":true,"href":"https:\/\/toneoflifegongs.com\/es\/wp-json\/wp\/v2\/product_brand?post=3828"},{"taxonomy":"product_cat","embeddable":true,"href":"https:\/\/toneoflifegongs.com\/es\/wp-json\/wp\/v2\/product_cat?post=3828"},{"taxonomy":"product_tag","embeddable":true,"href":"https:\/\/toneoflifegongs.com\/es\/wp-json\/wp\/v2\/product_tag?post=3828"}],"curies":[{"name":"wp","href":"https:\/\/api.w.org\/{rel}","templated":true}]}}