{"id":3825,"date":"2019-10-01T14:15:49","date_gmt":"2019-10-01T12:15:49","guid":{"rendered":"https:\/\/toneoflifegongs.com\/product\/gong-stand-bag-with-wheels-for-up-to-42-stand\/"},"modified":"2020-01-28T11:08:06","modified_gmt":"2020-01-28T10:08:06","slug":"soporte-para-gong-de-hasta-42-con-ruedas","status":"publish","type":"product","link":"https:\/\/toneoflifegongs.com\/es\/soporte-para-gong-de-hasta-42-con-ruedas\/","title":{"rendered":"Soporte para gong de hasta 42&#8243; con ruedas"},"content":{"rendered":"<div id=\"tab-description\" class=\"tab-pane active\">\n<p>Los soportes pueden ser un problema durante el transporte y el embalaje &#8230; pero ahora tenemos una forma pr\u00e1ctica y \u00fanica de lidiar con ellos. Nuestras fundas resistentes y f\u00e1ciles de transportar para soportes sobre ruedas. Divisiones separadas para cada elemento. Correa de transporte y asa reforzadas. Dise\u00f1ado para soportes Paiste en dos tama\u00f1os. Para soportes de hasta 34 \u2033 y de hasta 42 \u2033.<\/p>\n<p>Producto creado en Polonia.<\/p>\n<\/div>\n","protected":false},"excerpt":{"rendered":"<p>Nuestras fundas resistentes y f\u00e1ciles de transportar para soportes de ruedas. Divisiones separadas para cada elemento. Correa de transporte y asa reforzadas.<\/p>\n<p align=\"LEFT\">\n","protected":false},"featured_media":2455,"comment_status":"open","ping_status":"closed","template":"","meta":{"_acf_changed":false},"product_brand":[],"product_cat":[182,178],"product_tag":[],"class_list":{"0":"post-3825","1":"product","2":"type-product","3":"status-publish","4":"has-post-thumbnail","6":"product_cat-gong-stand-bag-es","7":"product_cat-gong-stands-es","9":"first","10":"instock","11":"shipping-taxable","12":"purchasable","13":"product-type-simple"},"acf":[],"_links":{"self":[{"href":"https:\/\/toneoflifegongs.com\/es\/wp-json\/wp\/v2\/product\/3825","targetHints":{"allow":["GET"]}}],"collection":[{"href":"https:\/\/toneoflifegongs.com\/es\/wp-json\/wp\/v2\/product"}],"about":[{"href":"https:\/\/toneoflifegongs.com\/es\/wp-json\/wp\/v2\/types\/product"}],"replies":[{"embeddable":true,"href":"https:\/\/toneoflifegongs.com\/es\/wp-json\/wp\/v2\/comments?post=3825"}],"wp:featuredmedia":[{"embeddable":true,"href":"https:\/\/toneoflifegongs.com\/es\/wp-json\/wp\/v2\/media\/2455"}],"wp:attachment":[{"href":"https:\/\/toneoflifegongs.com\/es\/wp-json\/wp\/v2\/media?parent=3825"}],"wp:term":[{"taxonomy":"product_brand","embeddable":true,"href":"https:\/\/toneoflifegongs.com\/es\/wp-json\/wp\/v2\/product_brand?post=3825"},{"taxonomy":"product_cat","embeddable":true,"href":"https:\/\/toneoflifegongs.com\/es\/wp-json\/wp\/v2\/product_cat?post=3825"},{"taxonomy":"product_tag","embeddable":true,"href":"https:\/\/toneoflifegongs.com\/es\/wp-json\/wp\/v2\/product_tag?post=3825"}],"curies":[{"name":"wp","href":"https:\/\/api.w.org\/{rel}","templated":true}]}}