{"id":3806,"date":"2019-10-01T14:35:22","date_gmt":"2019-10-01T12:35:22","guid":{"rendered":"https:\/\/toneoflifegongs.com\/product\/triple-arched-gong-stand-hangs-1-up-to-42-105cm-2-up-to-30-75cm-gongs\/"},"modified":"2020-01-28T11:03:24","modified_gmt":"2020-01-28T10:03:24","slug":"soporte-para-gong-de-triple-arco-admite-1-gong-de-hasta-42-105cm-o-2-gongs-de-hasta-30-75cm","status":"publish","type":"product","link":"https:\/\/toneoflifegongs.com\/es\/soporte-para-gong-de-triple-arco-admite-1-gong-de-hasta-42-105cm-o-2-gongs-de-hasta-30-75cm\/","title":{"rendered":"Soporte para gong de triple arco &#8211; admite 1 gong de hasta 42&#8243;\/105cm o 2 gongs de hasta 30&#8243; \/75cm"},"content":{"rendered":"<p>Un buen soporte de gong es una herramienta imprescindible para cualquiera que toque estos excepcionales instrumentos. Despu\u00e9s de muchos intentos, logramos crear un soporte con el que nosotros mismos estamos encantados de usarlo en el trabajo. El soporte de triple arco para gong est\u00e1 fabricado con acero galvanizado, lo que lo hace ligero y resistente a los ara\u00f1azos indeseables que puedan producirse durante su uso. Ideal en todas las condiciones, pero especialmente recomendado para sesiones individuales. Los oyentes tienen la oportunidad de experimentar plenamente el sonido envolvente escuchando el sonido giratorio, que proporciona una experiencia increible tanto en el nivel f\u00edsico como en el et\u00e9reo.<\/p>\n<p>\u00ab&#8230; Hoy recib\u00ed un bonito soporte triple, por el cu\u00e1l estoy muy agradecido. Llamarlo un soporte no refleja completamente su verdadera naturaleza, ya que se asemeja m\u00e1s a un altar \u00ab. R.C.<\/p>\n<p>Opini\u00f3n de un cliente satisfecho<\/p>\n<p>C\u00f3mo montar:<\/p>\n<p><iframe loading=\"lazy\" title=\"How to setup Tone of Life Triple Stand\" width=\"500\" height=\"281\" src=\"https:\/\/www.youtube.com\/embed\/pgYvwhOEQy8?feature=oembed&#038;enablejsapi=1&#038;origin=https:\/\/toneoflifegongs.com\" frameborder=\"0\" allow=\"accelerometer; autoplay; clipboard-write; encrypted-media; gyroscope; picture-in-picture; web-share\" referrerpolicy=\"strict-origin-when-cross-origin\" allowfullscreen><\/iframe><\/p>\n","protected":false},"excerpt":{"rendered":"<p>El soporte de triple arco para gong es nuestra soluci\u00f3n pr\u00e1ctica e innovadora. Con un gong en el centro de hasta 42 \u00aby dos gongs de hasta 32\u00bb en los laterales. Est\u00e1 equilibrado, por lo que puede colgar uno, dos o tres gongs sin perder estabilidad. Montaje f\u00e1cil y r\u00e1pido.<\/p>\n<p align=\"LEFT\">\n","protected":false},"featured_media":8451,"comment_status":"open","ping_status":"closed","template":"","meta":{"_acf_changed":false},"product_brand":[],"product_cat":[178,188],"product_tag":[],"class_list":{"0":"post-3806","1":"product","2":"type-product","3":"status-publish","4":"has-post-thumbnail","6":"product_cat-gong-stands-es","7":"product_cat-triple-gong-stands-es","9":"first","10":"instock","11":"featured","12":"shipping-taxable","13":"purchasable","14":"product-type-simple"},"acf":[],"_links":{"self":[{"href":"https:\/\/toneoflifegongs.com\/es\/wp-json\/wp\/v2\/product\/3806","targetHints":{"allow":["GET"]}}],"collection":[{"href":"https:\/\/toneoflifegongs.com\/es\/wp-json\/wp\/v2\/product"}],"about":[{"href":"https:\/\/toneoflifegongs.com\/es\/wp-json\/wp\/v2\/types\/product"}],"replies":[{"embeddable":true,"href":"https:\/\/toneoflifegongs.com\/es\/wp-json\/wp\/v2\/comments?post=3806"}],"wp:featuredmedia":[{"embeddable":true,"href":"https:\/\/toneoflifegongs.com\/es\/wp-json\/wp\/v2\/media\/8451"}],"wp:attachment":[{"href":"https:\/\/toneoflifegongs.com\/es\/wp-json\/wp\/v2\/media?parent=3806"}],"wp:term":[{"taxonomy":"product_brand","embeddable":true,"href":"https:\/\/toneoflifegongs.com\/es\/wp-json\/wp\/v2\/product_brand?post=3806"},{"taxonomy":"product_cat","embeddable":true,"href":"https:\/\/toneoflifegongs.com\/es\/wp-json\/wp\/v2\/product_cat?post=3806"},{"taxonomy":"product_tag","embeddable":true,"href":"https:\/\/toneoflifegongs.com\/es\/wp-json\/wp\/v2\/product_tag?post=3806"}],"curies":[{"name":"wp","href":"https:\/\/api.w.org\/{rel}","templated":true}]}}