{"id":3791,"date":"2019-10-04T10:25:44","date_gmt":"2019-10-04T08:25:44","guid":{"rendered":"https:\/\/toneoflifegongs.com\/product\/single-to-double-arched-gong-stand-up-to-32-80cm-30-75cm-gongs\/"},"modified":"2020-01-28T10:51:16","modified_gmt":"2020-01-28T09:51:16","slug":"como-simple-o-doble-los-soportes-de-gong-arqueados-de-hasta-32-80cm-30-75cm","status":"publish","type":"product","link":"https:\/\/toneoflifegongs.com\/es\/como-simple-o-doble-los-soportes-de-gong-arqueados-de-hasta-32-80cm-30-75cm\/","title":{"rendered":"Como simple o doble, los soportes de gong arqueados de hasta 32\u201d\/80cm &#038; 30\u201d\/75cm"},"content":{"rendered":"<div id=\"tab-description\" class=\"tab-pane active\">\n<p>Como simple o doble, los soportes de gong arqueados- pueden convertirse en un soporte \u00fanico para tocar sentado<\/p>\n<p>Nuestra soluci\u00f3n consiste en un soporte arqueado ligero, f\u00e1cil de montar y desmontar y sobre ruedas de acero galvanizado. Se suministra con dos juegos de patas, con la opci\u00f3n de estar de pie (patas m\u00e1s altas) o como un soporte \u00fanico para sentarse (patas cortas). El arco consta de dos partes, lo que facilita su transporte.<\/p>\n<p>&#8211; Versi\u00f3n doble &#8211; gong superior de hasta 32 \u00abe inferior de hasta 30&#8243;<\/p>\n<p>&#8211; Versi\u00f3n simple &#8211; gong hasta 32 \u00bb<\/p>\n<p>DIMENSIONES:<\/p>\n<p>Peso: 13 kg.<\/p>\n<p>Para soporte doble:<\/p>\n<p>Altura: 200 cm.<\/p>\n<p>Ancho: 93 cm.<\/p>\n<p>La suspensi\u00f3n superior puede levantar un gong con un tama\u00f1o m\u00e1ximo de 32 \u00bb<\/p>\n<p>La suspensi\u00f3n inferior puede levantar un gong con un tama\u00f1o m\u00e1ximo de 30 \u00bb<\/p>\n<p>Para soporte simple:<\/p>\n<p>Altura: 147 cm.<\/p>\n<p>Ancho: 93 cm.<\/p>\n<p>Puede llevar un gong de hasta 32 \u00bb<\/p>\n<\/div>\n","protected":false},"excerpt":{"rendered":"<p>Nuestra soluci\u00f3n consiste en un soporte arqueado ligero, f\u00e1cil de montar y desmontar y sobre ruedas de acero galvanizado. Se suministra con dos juegos de patas, con la opci\u00f3n de estar de pie (patas m\u00e1s altas) o como un soporte \u00fanico para sentarse (patas cortas).<\/p>\n","protected":false},"featured_media":8170,"comment_status":"open","ping_status":"closed","template":"","meta":{"_acf_changed":false},"product_brand":[],"product_cat":[178,184],"product_tag":[],"class_list":{"0":"post-3791","1":"product","2":"type-product","3":"status-publish","4":"has-post-thumbnail","6":"product_cat-gong-stands-es","7":"product_cat-single-to-double-gong-stands-es","9":"first","10":"instock","11":"shipping-taxable","12":"purchasable","13":"product-type-simple"},"acf":[],"_links":{"self":[{"href":"https:\/\/toneoflifegongs.com\/es\/wp-json\/wp\/v2\/product\/3791","targetHints":{"allow":["GET"]}}],"collection":[{"href":"https:\/\/toneoflifegongs.com\/es\/wp-json\/wp\/v2\/product"}],"about":[{"href":"https:\/\/toneoflifegongs.com\/es\/wp-json\/wp\/v2\/types\/product"}],"replies":[{"embeddable":true,"href":"https:\/\/toneoflifegongs.com\/es\/wp-json\/wp\/v2\/comments?post=3791"}],"wp:featuredmedia":[{"embeddable":true,"href":"https:\/\/toneoflifegongs.com\/es\/wp-json\/wp\/v2\/media\/8170"}],"wp:attachment":[{"href":"https:\/\/toneoflifegongs.com\/es\/wp-json\/wp\/v2\/media?parent=3791"}],"wp:term":[{"taxonomy":"product_brand","embeddable":true,"href":"https:\/\/toneoflifegongs.com\/es\/wp-json\/wp\/v2\/product_brand?post=3791"},{"taxonomy":"product_cat","embeddable":true,"href":"https:\/\/toneoflifegongs.com\/es\/wp-json\/wp\/v2\/product_cat?post=3791"},{"taxonomy":"product_tag","embeddable":true,"href":"https:\/\/toneoflifegongs.com\/es\/wp-json\/wp\/v2\/product_tag?post=3791"}],"curies":[{"name":"wp","href":"https:\/\/api.w.org\/{rel}","templated":true}]}}