{"id":3725,"date":"2019-10-03T14:02:23","date_gmt":"2019-10-03T12:02:23","guid":{"rendered":"https:\/\/toneoflifegongs.com\/product\/single-travel-stainless-steel-gong-stand-up-to-42-105cm-gong\/"},"modified":"2020-01-28T10:42:15","modified_gmt":"2020-01-28T09:42:15","slug":"soporte-movil-de-gong-de-hasta-42-105cm-en-acero-inoxidable","status":"publish","type":"product","link":"https:\/\/toneoflifegongs.com\/es\/soporte-movil-de-gong-de-hasta-42-105cm-en-acero-inoxidable\/","title":{"rendered":"Soporte m\u00f3vil de gong de hasta 42 \u2033 \/ 105 cm en acero inoxidable"},"content":{"rendered":"<p>Nuestra \u00faltima soluci\u00f3n en el campo de los soportes m\u00f3viles para un solo gong fabricados en bellas formas. Se puede colocar y quitar muy f\u00e1cilmente. Es un soporte telesc\u00f3pico que es lo suficientemente ligero y lo peque\u00f1o como para guardarlo en una maleta. Al mismo tiempo, es bastante fuerte y estable para colgar en \u00e9l un gong de 42 \u00ab.<\/p>\n<p>Altura total hasta 178 cm. Cada pie mide 100 cm. El tama\u00f1o del gong embalado es de 55 cm x 20 cm, peso total de 5 kg. Puede levantar un m\u00e1ximo de 70 kg. Y como est\u00e1 hecho de acero inoxidable, \u00a1nunca se oxidar\u00e1!<span class=\"Apple-converted-space\">\u00a0<\/span><\/p>\n<p>Se ha creado una cubierta especial para este soporte m\u00f3vil.<\/p>\n","protected":false},"excerpt":{"rendered":"<p>Nuestra \u00faltima soluci\u00f3n en el campo de los soportes m\u00f3viles para un solo gong fabricados en bellas formas. Se puede colocar y quitar muy f\u00e1cilmente. Es un soporte telesc\u00f3pico que es lo suficientemente ligero y lo peque\u00f1o como para guardarlo en una maleta. Al mismo tiempo, es bastante fuerte y estable para colgar en \u00e9l un gong de 42 \u00ab.<\/p>\n<p align=\"LEFT\">\n","protected":false},"featured_media":8549,"comment_status":"open","ping_status":"closed","template":"","meta":{"_acf_changed":false},"product_brand":[],"product_cat":[178,179],"product_tag":[],"class_list":{"0":"post-3725","1":"product","2":"type-product","3":"status-publish","4":"has-post-thumbnail","6":"product_cat-gong-stands-es","7":"product_cat-single-gong-stands-es","9":"first","10":"instock","11":"featured","12":"shipping-taxable","13":"purchasable","14":"product-type-simple"},"acf":[],"_links":{"self":[{"href":"https:\/\/toneoflifegongs.com\/es\/wp-json\/wp\/v2\/product\/3725","targetHints":{"allow":["GET"]}}],"collection":[{"href":"https:\/\/toneoflifegongs.com\/es\/wp-json\/wp\/v2\/product"}],"about":[{"href":"https:\/\/toneoflifegongs.com\/es\/wp-json\/wp\/v2\/types\/product"}],"replies":[{"embeddable":true,"href":"https:\/\/toneoflifegongs.com\/es\/wp-json\/wp\/v2\/comments?post=3725"}],"wp:featuredmedia":[{"embeddable":true,"href":"https:\/\/toneoflifegongs.com\/es\/wp-json\/wp\/v2\/media\/8549"}],"wp:attachment":[{"href":"https:\/\/toneoflifegongs.com\/es\/wp-json\/wp\/v2\/media?parent=3725"}],"wp:term":[{"taxonomy":"product_brand","embeddable":true,"href":"https:\/\/toneoflifegongs.com\/es\/wp-json\/wp\/v2\/product_brand?post=3725"},{"taxonomy":"product_cat","embeddable":true,"href":"https:\/\/toneoflifegongs.com\/es\/wp-json\/wp\/v2\/product_cat?post=3725"},{"taxonomy":"product_tag","embeddable":true,"href":"https:\/\/toneoflifegongs.com\/es\/wp-json\/wp\/v2\/product_tag?post=3725"}],"curies":[{"name":"wp","href":"https:\/\/api.w.org\/{rel}","templated":true}]}}