{"id":3715,"date":"2019-09-27T14:10:44","date_gmt":"2019-09-27T12:10:44","guid":{"rendered":"https:\/\/toneoflifegongs.com\/product\/earth-gong-42-105-cm\/"},"modified":"2020-01-24T14:00:40","modified_gmt":"2020-01-24T13:00:40","slug":"earth-gong-42-105-cm","status":"publish","type":"product","link":"https:\/\/toneoflifegongs.com\/es\/earth-gong-42-105-cm\/","title":{"rendered":"Earth Gong 42\u00bb- 105 cm"},"content":{"rendered":"<p>El Gong Earth 42\u2019\u2019 -105 cm es uno de nuestros gongs terap\u00e9uticos perteneciente a la serie 4 Elementos. Cuando tocamos con cuidado y suavidad, la parte al\u00edcuota del coro se convierte en una hermosa canci\u00f3n. Los sonidos pasan de la esfera et\u00e9rea a la esfera material, plena y tangible. El sonido se asemeja a la lava dentro de un volc\u00e1n. El elemento tierra est\u00e1 conectado con el plano de la existencia material, la condensaci\u00f3n del esp\u00edritu en una forma material. Est\u00e1 disponible en cinco tama\u00f1os.<\/p>\n<p>Todos nuestros gongs est\u00e1n hechos a mano de una aleaci\u00f3n de alpaca y llevan las huellas individuales de su creador &#8230; No queremos producir gongs como si saliesen directamente de la industria cosm\u00e9tica, con un aspecto perfecto y una apariencia completamente antinatural. Somos conscientes de que las personas tienen una visi\u00f3n de perfecci\u00f3n en la que no ven ning\u00fan rastro de la biograf\u00eda de la obra, pero para nosotros esto<span class=\"Apple-converted-space\">\u00a0 <\/span>simplemente es una expresi\u00f3n de la enorme artificialidad de nuestro mundo, una bonita superficie en casi todos los objetos, que parece tener mucha m\u00e1s importancia que los valores internos, los rastros de trabajo, dolor y madurez. Queremos guiar a nuestros jugadores a trav\u00e9s de las vastas y profundamente ocultas dimensiones para mostrar que en un gong cuenta el sonido &#8230; \u00a1no la apariencia!<\/p>\n","protected":false},"excerpt":{"rendered":"<p>Un gong delicado con una amplia gama de tonos bajos y medios, sonido constante, poniendo especial \u00e9nfasis en los tonos bajos y la armon\u00eda. Los que lo escuchan, describen a menudo este sonido como saliendo del interior de la Tierra.<\/p>\n","protected":false},"featured_media":3602,"comment_status":"open","ping_status":"closed","template":"","meta":{"_acf_changed":false},"product_brand":[],"product_cat":[175,159],"product_tag":[],"class_list":{"0":"post-3715","1":"product","2":"type-product","3":"status-publish","4":"has-post-thumbnail","6":"product_cat-earth-gongs-es","7":"product_cat-tone-of-life-gongs-es","9":"first","10":"instock","11":"shipping-taxable","12":"purchasable","13":"product-type-simple"},"acf":[],"_links":{"self":[{"href":"https:\/\/toneoflifegongs.com\/es\/wp-json\/wp\/v2\/product\/3715","targetHints":{"allow":["GET"]}}],"collection":[{"href":"https:\/\/toneoflifegongs.com\/es\/wp-json\/wp\/v2\/product"}],"about":[{"href":"https:\/\/toneoflifegongs.com\/es\/wp-json\/wp\/v2\/types\/product"}],"replies":[{"embeddable":true,"href":"https:\/\/toneoflifegongs.com\/es\/wp-json\/wp\/v2\/comments?post=3715"}],"wp:featuredmedia":[{"embeddable":true,"href":"https:\/\/toneoflifegongs.com\/es\/wp-json\/wp\/v2\/media\/3602"}],"wp:attachment":[{"href":"https:\/\/toneoflifegongs.com\/es\/wp-json\/wp\/v2\/media?parent=3715"}],"wp:term":[{"taxonomy":"product_brand","embeddable":true,"href":"https:\/\/toneoflifegongs.com\/es\/wp-json\/wp\/v2\/product_brand?post=3715"},{"taxonomy":"product_cat","embeddable":true,"href":"https:\/\/toneoflifegongs.com\/es\/wp-json\/wp\/v2\/product_cat?post=3715"},{"taxonomy":"product_tag","embeddable":true,"href":"https:\/\/toneoflifegongs.com\/es\/wp-json\/wp\/v2\/product_tag?post=3715"}],"curies":[{"name":"wp","href":"https:\/\/api.w.org\/{rel}","templated":true}]}}