{"id":3699,"date":"2019-09-30T11:44:59","date_gmt":"2019-09-30T09:44:59","guid":{"rendered":"https:\/\/toneoflifegongs.com\/product\/water-gong-62-155-cm\/"},"modified":"2020-01-24T14:41:31","modified_gmt":"2020-01-24T13:41:31","slug":"water-gong-62-155-cm","status":"publish","type":"product","link":"https:\/\/toneoflifegongs.com\/es\/water-gong-62-155-cm\/","title":{"rendered":"Water Gong 62\u00bb-155 cm"},"content":{"rendered":"<p>El Gong Water 62\u2019\u2019-155 cm es uno de nuestros gongs terap\u00e9uticos perteneciente a la serie 4 Elementos. Gong Water es nuestra \u00faltima creaci\u00f3n de la serie 4 Elementos. Mientras Shemoon representa e inter\u00e1ctua con el flujo y reflujo de nuestras aguas, Gong Water representa el agua en todas sus formas. Gong Water se fabrica en seis tama\u00f1os. Cada uno de ellos tiene sus propias caracter\u00edsticas \u00fanicas, pero todos se caracterizan por la calidad del elemento Agua. Alimentador y dador de vida, este gong nos conecta con el profundo conocimiento de nuestros antepasados, nuestros sentimientos y emociones. Cautiva con su bonita apariencia y sonido cautivador.<\/p>\n<p>Todos nuestros gongs est\u00e1n hechos a mano de una aleaci\u00f3n de alpaca y llevan las huellas individuales de su creador &#8230; No queremos producir gongs como si saliesen directamente de la industria cosm\u00e9tica, con un aspecto perfecto y una apariencia completamente antinatural. Somos conscientes de que las personas tienen una visi\u00f3n de perfecci\u00f3n en la que no ven ning\u00fan rastro de la biograf\u00eda de la obra, pero para nosotros esto<span class=\"Apple-converted-space\">\u00a0 <\/span>simplemente es una expresi\u00f3n de la enorme artificialidad de nuestro mundo, una bonita superficie en casi todos los objetos, que parece tener mucha m\u00e1s importancia que los valores internos, los rastros de trabajo, dolor y madurez. Queremos guiar a nuestros jugadores a trav\u00e9s de las vastas y profundamente ocultas dimensiones para mostrar que en un gong cuenta el sonido &#8230; \u00a1no la apariencia!<\/p>\n","protected":false},"excerpt":{"rendered":"<p>El Gong Water tiene un sonido muy profundo, natural, crudo y consistente, al igual que el agua que nos rodea, desde un lago tranquilo hasta un oc\u00e9ano furioso. Una gran variedad de tonos, con un hermoso aumento de tonos graves, medios y agudos.<\/p>\n","protected":false},"featured_media":3634,"comment_status":"open","ping_status":"closed","template":"","meta":{"_acf_changed":false},"product_brand":[],"product_cat":[159,173],"product_tag":[],"class_list":{"0":"post-3699","1":"product","2":"type-product","3":"status-publish","4":"has-post-thumbnail","6":"product_cat-tone-of-life-gongs-es","7":"product_cat-water-gongs-es","9":"first","10":"onbackorder","11":"shipping-taxable","12":"purchasable","13":"product-type-simple"},"acf":[],"_links":{"self":[{"href":"https:\/\/toneoflifegongs.com\/es\/wp-json\/wp\/v2\/product\/3699","targetHints":{"allow":["GET"]}}],"collection":[{"href":"https:\/\/toneoflifegongs.com\/es\/wp-json\/wp\/v2\/product"}],"about":[{"href":"https:\/\/toneoflifegongs.com\/es\/wp-json\/wp\/v2\/types\/product"}],"replies":[{"embeddable":true,"href":"https:\/\/toneoflifegongs.com\/es\/wp-json\/wp\/v2\/comments?post=3699"}],"wp:featuredmedia":[{"embeddable":true,"href":"https:\/\/toneoflifegongs.com\/es\/wp-json\/wp\/v2\/media\/3634"}],"wp:attachment":[{"href":"https:\/\/toneoflifegongs.com\/es\/wp-json\/wp\/v2\/media?parent=3699"}],"wp:term":[{"taxonomy":"product_brand","embeddable":true,"href":"https:\/\/toneoflifegongs.com\/es\/wp-json\/wp\/v2\/product_brand?post=3699"},{"taxonomy":"product_cat","embeddable":true,"href":"https:\/\/toneoflifegongs.com\/es\/wp-json\/wp\/v2\/product_cat?post=3699"},{"taxonomy":"product_tag","embeddable":true,"href":"https:\/\/toneoflifegongs.com\/es\/wp-json\/wp\/v2\/product_tag?post=3699"}],"curies":[{"name":"wp","href":"https:\/\/api.w.org\/{rel}","templated":true}]}}