{"id":3695,"date":"2019-09-30T12:11:04","date_gmt":"2019-09-30T10:11:04","guid":{"rendered":"https:\/\/toneoflifegongs.com\/product\/air-cosmo-gong-42-105-cm\/"},"modified":"2025-08-04T14:24:50","modified_gmt":"2025-08-04T12:24:50","slug":"air-cosmo-gong-42-105-cm","status":"publish","type":"product","link":"https:\/\/toneoflifegongs.com\/es\/air-cosmo-gong-42-105-cm\/","title":{"rendered":"Air Cosmo Gong 42\u00bb-105 cm"},"content":{"rendered":"<p>El Gong Air Cosmo 42\u2019\u2019 &#8211;<span class=\"Apple-converted-space\">\u00a0 <\/span>105cm es uno de nuestros gongs terap\u00e9uticos perteneciente a la serie 4 Elementos. Su sonido es hermoso, et\u00e9reo, centrado, s\u00f3lido. La naturaleza de su sonido es muy brillante, cristalina, agradable. La serie terap\u00e9utica de 4 Elementos est\u00e1 inspirado en el concepto SilverNickel Gong, en el que hemos estado trabajando desde 2013. Bajo la direcci\u00f3n de Johannes Heimrath y Tom Soltron Czartoryski, cada uno de estos gongs se ha creado de manera diferente para producir un sonido que recuerde a su elemento correspondiente. Esto, por supuesto, es subjetivo.<\/p>\n<p>Todos nuestros gongs est\u00e1n hechos a mano de una aleaci\u00f3n de alpaca y llevan las huellas individuales de su creador &#8230; No queremos producir gongs como si saliesen directamente de la industria cosm\u00e9tica, con un aspecto perfecto y una apariencia completamente antinatural. Somos conscientes de que las personas tienen una visi\u00f3n de perfecci\u00f3n en la que no ven ning\u00fan rastro de la biograf\u00eda de la obra, pero para nosotros esto<span class=\"Apple-converted-space\">\u00a0 <\/span>simplemente es una expresi\u00f3n de la enorme artificialidad de nuestro mundo, una bonita superficie en casi todos los objetos, que parece tener mucha m\u00e1s importancia que los valores internos, los rastros de trabajo, dolor y madurez. Queremos guiar a nuestros jugadores a trav\u00e9s de las vastas y profundamente ocultas dimensiones para mostrar que en un gong cuenta el sonido &#8230; \u00a1no la apariencia!<\/p>\n","protected":false},"excerpt":{"rendered":"<p>El Gong Air Cosmo 42\u2019\u2019 &#8211;<span class=\"Apple-converted-space\">\u00a0 <\/span>105cm es uno de nuestros gongs terap\u00e9uticos perteneciente a la serie 4 Elementos. Su sonido es hermoso, abierto, rico, no de este mundo. Uno de los sonidos m\u00e1s universales de nuestra colecci\u00f3n.<\/p>\n","protected":false},"featured_media":3570,"comment_status":"open","ping_status":"closed","template":"","meta":{"_acf_changed":false},"product_brand":[],"product_cat":[159,160],"product_tag":[],"class_list":{"0":"post-3695","1":"product","2":"type-product","3":"status-publish","4":"has-post-thumbnail","6":"product_cat-tone-of-life-gongs-es","7":"product_cat-air-cosmo-gongs-es","9":"first","10":"instock","11":"shipping-taxable","12":"purchasable","13":"product-type-simple"},"acf":[],"_links":{"self":[{"href":"https:\/\/toneoflifegongs.com\/es\/wp-json\/wp\/v2\/product\/3695","targetHints":{"allow":["GET"]}}],"collection":[{"href":"https:\/\/toneoflifegongs.com\/es\/wp-json\/wp\/v2\/product"}],"about":[{"href":"https:\/\/toneoflifegongs.com\/es\/wp-json\/wp\/v2\/types\/product"}],"replies":[{"embeddable":true,"href":"https:\/\/toneoflifegongs.com\/es\/wp-json\/wp\/v2\/comments?post=3695"}],"wp:featuredmedia":[{"embeddable":true,"href":"https:\/\/toneoflifegongs.com\/es\/wp-json\/wp\/v2\/media\/3570"}],"wp:attachment":[{"href":"https:\/\/toneoflifegongs.com\/es\/wp-json\/wp\/v2\/media?parent=3695"}],"wp:term":[{"taxonomy":"product_brand","embeddable":true,"href":"https:\/\/toneoflifegongs.com\/es\/wp-json\/wp\/v2\/product_brand?post=3695"},{"taxonomy":"product_cat","embeddable":true,"href":"https:\/\/toneoflifegongs.com\/es\/wp-json\/wp\/v2\/product_cat?post=3695"},{"taxonomy":"product_tag","embeddable":true,"href":"https:\/\/toneoflifegongs.com\/es\/wp-json\/wp\/v2\/product_tag?post=3695"}],"curies":[{"name":"wp","href":"https:\/\/api.w.org\/{rel}","templated":true}]}}