{"id":3689,"date":"2019-09-30T13:20:19","date_gmt":"2019-09-30T11:20:19","guid":{"rendered":"https:\/\/toneoflifegongs.com\/product\/fire-gong-30-75-cm\/"},"modified":"2025-05-19T20:26:31","modified_gmt":"2025-05-19T18:26:31","slug":"fire-gong-30-75-cm","status":"publish","type":"product","link":"https:\/\/toneoflifegongs.com\/es\/fire-gong-30-75-cm\/","title":{"rendered":"Fire Gong 30\u00bb-75 cm"},"content":{"rendered":"<p>El Gong Fire 30\u2019\u2019 75cm es uno de nuestros gongs terap\u00e9uticos perteneciente a la serie 4 Elementos. Gong Water es nuestra \u00faltima creaci\u00f3n de la serie 4 Elementos. Mediante movimientos sutiles, puede mostrar la gama m\u00e1s amplia de colores. Adem\u00e1s, este gong es agradable a la vista, brillante y con colores brillante durante la funci\u00f3n &#8230; Como el fuego, enciende nuestros sentidos. Tocar en \u00e9l requiere un enfoque y una experiencia completamente nuevos. El elemento de fuego simboliza la fuerza que anima todas las formas existentes. Est\u00e1 disponible en dos tama\u00f1os.<\/p>\n<p>Todos nuestros gongs est\u00e1n hechos a mano de una aleaci\u00f3n de alpaca y llevan las huellas individuales de su creador &#8230; No queremos producir gongs como si saliesen directamente de la industria cosm\u00e9tica, con un aspecto perfecto y una apariencia completamente antinatural. Somos conscientes de que las personas tienen una visi\u00f3n de perfecci\u00f3n en la que no ven ning\u00fan rastro de la biograf\u00eda de la obra, pero para nosotros esto<span class=\"Apple-converted-space\">\u00a0 <\/span>simplemente es una expresi\u00f3n de la enorme artificialidad de nuestro mundo, una bonita superficie en casi todos los objetos, que parece tener mucha m\u00e1s importancia que los valores internos, los rastros de trabajo, dolor y madurez. Queremos guiar a nuestros jugadores a trav\u00e9s de las vastas y profundamente ocultas dimensiones para mostrar que en un gong cuenta el sonido &#8230; \u00a1no la apariencia!<\/p>\n","protected":false},"excerpt":{"rendered":"<p>Gong delicado con sonido muy claro. Lleno de vitalidad, frescura y calidez. Golpeado suavemente por un bast\u00f3n grande saca a relucir hermosos tonos bajos. Gracias al toque r\u00edtmico continuo, cada capa adicional de sonido crea una hermosa paleta de tonos medios y altos.<\/p>\n","protected":false},"featured_media":3610,"comment_status":"open","ping_status":"closed","template":"","meta":{"_acf_changed":false},"product_brand":[],"product_cat":[159,171],"product_tag":[],"class_list":{"0":"post-3689","1":"product","2":"type-product","3":"status-publish","4":"has-post-thumbnail","6":"product_cat-tone-of-life-gongs-es","7":"product_cat-fire-gongs-es","9":"first","10":"instock","11":"shipping-taxable","12":"purchasable","13":"product-type-simple"},"acf":[],"_links":{"self":[{"href":"https:\/\/toneoflifegongs.com\/es\/wp-json\/wp\/v2\/product\/3689","targetHints":{"allow":["GET"]}}],"collection":[{"href":"https:\/\/toneoflifegongs.com\/es\/wp-json\/wp\/v2\/product"}],"about":[{"href":"https:\/\/toneoflifegongs.com\/es\/wp-json\/wp\/v2\/types\/product"}],"replies":[{"embeddable":true,"href":"https:\/\/toneoflifegongs.com\/es\/wp-json\/wp\/v2\/comments?post=3689"}],"wp:featuredmedia":[{"embeddable":true,"href":"https:\/\/toneoflifegongs.com\/es\/wp-json\/wp\/v2\/media\/3610"}],"wp:attachment":[{"href":"https:\/\/toneoflifegongs.com\/es\/wp-json\/wp\/v2\/media?parent=3689"}],"wp:term":[{"taxonomy":"product_brand","embeddable":true,"href":"https:\/\/toneoflifegongs.com\/es\/wp-json\/wp\/v2\/product_brand?post=3689"},{"taxonomy":"product_cat","embeddable":true,"href":"https:\/\/toneoflifegongs.com\/es\/wp-json\/wp\/v2\/product_cat?post=3689"},{"taxonomy":"product_tag","embeddable":true,"href":"https:\/\/toneoflifegongs.com\/es\/wp-json\/wp\/v2\/product_tag?post=3689"}],"curies":[{"name":"wp","href":"https:\/\/api.w.org\/{rel}","templated":true}]}}