{"id":3683,"date":"2019-09-30T13:47:41","date_gmt":"2019-09-30T11:47:41","guid":{"rendered":"https:\/\/toneoflifegongs.com\/product\/dance-gong-25-62-cm\/"},"modified":"2020-01-28T08:28:34","modified_gmt":"2020-01-28T07:28:34","slug":"dance-gong-25-62-cm","status":"publish","type":"product","link":"https:\/\/toneoflifegongs.com\/es\/dance-gong-25-62-cm\/","title":{"rendered":"Dance Gong 25\u00bb-62 cm"},"content":{"rendered":"<p>Gong Dance puede santificar las ceremonias al aire libre. Tiene un mango especial de cordeles de madera que facilita su sujeci\u00f3n durante mucho tiempo. \u00a1Gracias a la superficie muy compacta, el sonido se extiende hacia todos los lados! Uno de nuestros bestsellers.<\/p>\n<p>Todos nuestros gongs est\u00e1n hechos a mano de una aleaci\u00f3n de alpaca y llevan las huellas individuales de su creador &#8230; No queremos producir gongs como si saliesen directamente de la industria cosm\u00e9tica, con un aspecto perfecto y una apariencia completamente antinatural. Somos conscientes de que las personas tienen una visi\u00f3n de perfecci\u00f3n en la que no ven ning\u00fan rastro de la biograf\u00eda de la obra, pero para nosotros esto<span class=\"Apple-converted-space\">\u00a0 <\/span>simplemente es una expresi\u00f3n de la enorme artificialidad de nuestro mundo, una bonita superficie en casi todos los objetos, que parece tener mucha m\u00e1s importancia que los valores internos, los rastros de trabajo, dolor y madurez. Queremos guiar a nuestros jugadores a trav\u00e9s de las vastas y profundamente ocultas dimensiones para mostrar que en un gong cuenta el sonido &#8230; \u00a1no la apariencia!<\/p>\n","protected":false},"excerpt":{"rendered":"<p>Peque\u00f1o 62 cm El gong Dance cuenta con una incre\u00edble gama de tonos medios y altos. Con un bast\u00f3n grande y bien equilibrado, podemos tocarlo como un gong y un tambor al mismo tiempo. Este gong es ideal para usar mientras juegas. Ligero y econ\u00f3mico, pesa solo 4 kilogramos.<\/p>\n","protected":false},"featured_media":3820,"comment_status":"open","ping_status":"closed","template":"","meta":{"_acf_changed":false},"product_brand":[],"product_cat":[159,169],"product_tag":[],"class_list":{"0":"post-3683","1":"product","2":"type-product","3":"status-publish","4":"has-post-thumbnail","6":"product_cat-tone-of-life-gongs-es","7":"product_cat-dance-gongs-es","9":"first","10":"onbackorder","11":"shipping-taxable","12":"purchasable","13":"product-type-simple"},"acf":[],"_links":{"self":[{"href":"https:\/\/toneoflifegongs.com\/es\/wp-json\/wp\/v2\/product\/3683","targetHints":{"allow":["GET"]}}],"collection":[{"href":"https:\/\/toneoflifegongs.com\/es\/wp-json\/wp\/v2\/product"}],"about":[{"href":"https:\/\/toneoflifegongs.com\/es\/wp-json\/wp\/v2\/types\/product"}],"replies":[{"embeddable":true,"href":"https:\/\/toneoflifegongs.com\/es\/wp-json\/wp\/v2\/comments?post=3683"}],"wp:featuredmedia":[{"embeddable":true,"href":"https:\/\/toneoflifegongs.com\/es\/wp-json\/wp\/v2\/media\/3820"}],"wp:attachment":[{"href":"https:\/\/toneoflifegongs.com\/es\/wp-json\/wp\/v2\/media?parent=3683"}],"wp:term":[{"taxonomy":"product_brand","embeddable":true,"href":"https:\/\/toneoflifegongs.com\/es\/wp-json\/wp\/v2\/product_brand?post=3683"},{"taxonomy":"product_cat","embeddable":true,"href":"https:\/\/toneoflifegongs.com\/es\/wp-json\/wp\/v2\/product_cat?post=3683"},{"taxonomy":"product_tag","embeddable":true,"href":"https:\/\/toneoflifegongs.com\/es\/wp-json\/wp\/v2\/product_tag?post=3683"}],"curies":[{"name":"wp","href":"https:\/\/api.w.org\/{rel}","templated":true}]}}