{"id":3679,"date":"2019-09-30T13:59:32","date_gmt":"2019-09-30T11:59:32","guid":{"rendered":"https:\/\/toneoflifegongs.com\/product\/stardust-gong-25-62-cm\/"},"modified":"2025-05-28T21:02:40","modified_gmt":"2025-05-28T19:02:40","slug":"stardust-gong-25-62-cm","status":"publish","type":"product","link":"https:\/\/toneoflifegongs.com\/es\/stardust-gong-25-62-cm\/","title":{"rendered":"Stardust Gong 25\u00bb-62 cm"},"content":{"rendered":"<p>Con el primer golpe del palo, flotas en las aguas de Akash en el espacio. Mientras que sus cautivadores, largos y profundos tonos te sacudir\u00e1n como una canci\u00f3n de cuna, \u00a1un coro de angeles sopranos te deleitar\u00e1n con una canci\u00f3n tan antigua como las estrellas! Este es el peque\u00f1o gong que todos hemos estado esperando.<\/p>\n<p>Todos nuestros gongs est\u00e1n hechos a mano de una aleaci\u00f3n de alpaca y llevan las huellas individuales de su creador &#8230; No queremos producir gongs como si saliesen directamente de la industria cosm\u00e9tica, con un aspecto perfecto y una apariencia completamente antinatural. Somos conscientes de que las personas tienen una visi\u00f3n de perfecci\u00f3n en la que no ven ning\u00fan rastro de la biograf\u00eda de la obra, pero para nosotros esto<span class=\"Apple-converted-space\">\u00a0 <\/span>simplemente es una expresi\u00f3n de la enorme artificialidad de nuestro mundo, una bonita superficie en casi todos los objetos, que parece tener mucha m\u00e1s importancia que los valores internos, los rastros de trabajo, dolor y madurez. Queremos guiar a nuestros jugadores a trav\u00e9s de las vastas y profundamente ocultas dimensiones para mostrar que en un gong cuenta el sonido &#8230; \u00a1no la apariencia!<\/p>\n","protected":false},"excerpt":{"rendered":"<p>STARDUST es un peque\u00f1o gong con el sonido m\u00e1s profundo y rico conocido hasta ahora en este tama\u00f1o. Gracias a su base profunda en el medio, el gong crea un ritmo sensual que se adapta a cualquier secci\u00f3n r\u00edtmica, mientras que al mismo tiempo extrae continuamente una corriente de al\u00edcuotas de alta frecuencia.<\/p>\n","protected":false},"featured_media":3816,"comment_status":"open","ping_status":"closed","template":"","meta":{"_acf_changed":false},"product_brand":[],"product_cat":[159,165],"product_tag":[],"class_list":{"0":"post-3679","1":"product","2":"type-product","3":"status-publish","4":"has-post-thumbnail","6":"product_cat-tone-of-life-gongs-es","7":"product_cat-stardust-gongs-es","9":"first","10":"onbackorder","11":"shipping-taxable","12":"purchasable","13":"product-type-simple"},"acf":[],"_links":{"self":[{"href":"https:\/\/toneoflifegongs.com\/es\/wp-json\/wp\/v2\/product\/3679","targetHints":{"allow":["GET"]}}],"collection":[{"href":"https:\/\/toneoflifegongs.com\/es\/wp-json\/wp\/v2\/product"}],"about":[{"href":"https:\/\/toneoflifegongs.com\/es\/wp-json\/wp\/v2\/types\/product"}],"replies":[{"embeddable":true,"href":"https:\/\/toneoflifegongs.com\/es\/wp-json\/wp\/v2\/comments?post=3679"}],"wp:featuredmedia":[{"embeddable":true,"href":"https:\/\/toneoflifegongs.com\/es\/wp-json\/wp\/v2\/media\/3816"}],"wp:attachment":[{"href":"https:\/\/toneoflifegongs.com\/es\/wp-json\/wp\/v2\/media?parent=3679"}],"wp:term":[{"taxonomy":"product_brand","embeddable":true,"href":"https:\/\/toneoflifegongs.com\/es\/wp-json\/wp\/v2\/product_brand?post=3679"},{"taxonomy":"product_cat","embeddable":true,"href":"https:\/\/toneoflifegongs.com\/es\/wp-json\/wp\/v2\/product_cat?post=3679"},{"taxonomy":"product_tag","embeddable":true,"href":"https:\/\/toneoflifegongs.com\/es\/wp-json\/wp\/v2\/product_tag?post=3679"}],"curies":[{"name":"wp","href":"https:\/\/api.w.org\/{rel}","templated":true}]}}