{"id":3676,"date":"2019-09-30T14:16:35","date_gmt":"2019-09-30T12:16:35","guid":{"rendered":"https:\/\/toneoflifegongs.com\/product\/shemoon-gong-36-90-cm\/"},"modified":"2025-05-19T20:11:28","modified_gmt":"2025-05-19T18:11:28","slug":"shemoon-gong-36-90-cm","status":"publish","type":"product","link":"https:\/\/toneoflifegongs.com\/es\/shemoon-gong-36-90-cm\/","title":{"rendered":"Shemoon Gong 36\u00bb- 90 cm"},"content":{"rendered":"<p>El Gong Shemoon se conecta con nuestras emociones y sentimientos. Tiene un sonido profundo, aqu\u00ed y all\u00e1, como de campanas m\u00e1gicas. Aporta paz, quietud, calidez y dulzura. Como una corriente que fluye, centra nuestra atenci\u00f3n en el presente.<\/p>\n<p>Todos nuestros gongs est\u00e1n hechos a mano de una aleaci\u00f3n de alpaca y llevan las huellas individuales de su creador &#8230; No queremos producir gongs como si saliesen directamente de la industria cosm\u00e9tica, con un aspecto perfecto y una apariencia completamente antinatural. Somos conscientes de que las personas tienen una visi\u00f3n de perfecci\u00f3n en la que no ven ning\u00fan rastro de la biograf\u00eda de la obra, pero para nosotros esto<span class=\"Apple-converted-space\">\u00a0 <\/span>simplemente es una expresi\u00f3n de la enorme artificialidad de nuestro mundo, una bonita superficie en casi todos los objetos, que parece tener mucha m\u00e1s importancia que los valores internos, los rastros de trabajo, dolor y madurez. Queremos guiar a nuestros jugadores a trav\u00e9s de las vastas y profundamente ocultas dimensiones para mostrar que en un gong cuenta el sonido &#8230; \u00a1no la apariencia!<\/p>\n","protected":false},"excerpt":{"rendered":"<p>El Gong Shemoon con un tama\u00f1o de 36\u2019\u2019 \u2013 90 cm cm tiene un sonido profundo, aqu\u00ed y all\u00e1, como de campanas m\u00e1gicas. Aporta paz, quietud, calidez y dulzura. Como una corriente que fluye, centra nuestra atenci\u00f3n en el presente. Tiene tonos bajos decrecientes y se caracteriza por frecuencias muy altas.<\/p>\n","protected":false},"featured_media":3614,"comment_status":"open","ping_status":"closed","template":"","meta":{"_acf_changed":false},"product_brand":[],"product_cat":[159,164],"product_tag":[],"class_list":{"0":"post-3676","1":"product","2":"type-product","3":"status-publish","4":"has-post-thumbnail","6":"product_cat-tone-of-life-gongs-es","7":"product_cat-shemoon-gongs-es","9":"first","10":"instock","11":"shipping-taxable","12":"purchasable","13":"product-type-simple"},"acf":[],"_links":{"self":[{"href":"https:\/\/toneoflifegongs.com\/es\/wp-json\/wp\/v2\/product\/3676","targetHints":{"allow":["GET"]}}],"collection":[{"href":"https:\/\/toneoflifegongs.com\/es\/wp-json\/wp\/v2\/product"}],"about":[{"href":"https:\/\/toneoflifegongs.com\/es\/wp-json\/wp\/v2\/types\/product"}],"replies":[{"embeddable":true,"href":"https:\/\/toneoflifegongs.com\/es\/wp-json\/wp\/v2\/comments?post=3676"}],"wp:featuredmedia":[{"embeddable":true,"href":"https:\/\/toneoflifegongs.com\/es\/wp-json\/wp\/v2\/media\/3614"}],"wp:attachment":[{"href":"https:\/\/toneoflifegongs.com\/es\/wp-json\/wp\/v2\/media?parent=3676"}],"wp:term":[{"taxonomy":"product_brand","embeddable":true,"href":"https:\/\/toneoflifegongs.com\/es\/wp-json\/wp\/v2\/product_brand?post=3676"},{"taxonomy":"product_cat","embeddable":true,"href":"https:\/\/toneoflifegongs.com\/es\/wp-json\/wp\/v2\/product_cat?post=3676"},{"taxonomy":"product_tag","embeddable":true,"href":"https:\/\/toneoflifegongs.com\/es\/wp-json\/wp\/v2\/product_tag?post=3676"}],"curies":[{"name":"wp","href":"https:\/\/api.w.org\/{rel}","templated":true}]}}