{"id":3674,"date":"2019-10-01T10:49:56","date_gmt":"2019-10-01T08:49:56","guid":{"rendered":"https:\/\/toneoflifegongs.com\/product\/sun-gong-30-75-cm\/"},"modified":"2022-10-19T22:57:34","modified_gmt":"2022-10-19T20:57:34","slug":"sun-gong-30-75-cm","status":"publish","type":"product","link":"https:\/\/toneoflifegongs.com\/es\/sun-gong-30-75-cm\/","title":{"rendered":"Sun Gong 30\u00bb- 75 cm"},"content":{"rendered":"<p>En el proceso de creaci\u00f3n del gong Sun, r\u00e1pidamente se hizo evidente que sus sonidos brillantes y fuertes que estimulan la mente y se sienten f\u00edsicamente alrededor de la cabeza, complementan el sonido de Shemoon. Aunque el gong Sun es el complemento perfecto y el compa\u00f1ero para cada una de nuestras creaciones, al igual que el Sol y la Luna en nuestro ciclo natural, Sun y Shemoon son una pareja que iluminan todo lo que toca. Hay muchas citas y poemas hermosos e inspirados sobre este romance m\u00e1gico, simbi\u00f3tico, lleno de contrastes entre los opuestos; elemento de agua y fuego. Se necesitan mucho, pero debe haber un equilibrio perfecto en esta relaci\u00f3n. \u00a1Juntos crean una m\u00fasica hermosa!<\/p>\n<p>Todos nuestros gongs est\u00e1n hechos a mano de una aleaci\u00f3n de alpaca y llevan las huellas individuales de su creador &#8230; No queremos producir gongs como si saliesen directamente de la industria cosm\u00e9tica, con un aspecto perfecto y una apariencia completamente antinatural. Somos conscientes de que las personas tienen una visi\u00f3n de perfecci\u00f3n en la que no ven ning\u00fan rastro de la biograf\u00eda de la obra, pero para nosotros esto<span class=\"Apple-converted-space\">\u00a0 <\/span>simplemente es una expresi\u00f3n de la enorme artificialidad de nuestro mundo, una bonita superficie en casi todos los objetos, que parece tener mucha m\u00e1s importancia que los valores internos, los rastros de trabajo, dolor y madurez. Queremos guiar a nuestros jugadores a trav\u00e9s de las vastas y profundamente ocultas dimensiones para mostrar que en un gong cuenta el sonido &#8230; \u00a1no la apariencia!<\/p>\n","protected":false},"excerpt":{"rendered":"<p>Los sonidos del gong SUN 30\u2019\u2019-75 cm gong te elevar\u00e1n el esp\u00edritu. \u00a1Brillantes y vivos, te permitir\u00e1n liberar tu puro potencial creativo! El sol tiene el poder de cambiar. Astrol\u00f3gicamente, es el centro de nuestro sistema solar &#8230; extrayendo de la profundidad la capacidad de confrontar la vida, de luchar contra los dragones m\u00edticos de nuestro subconsciente, superando obst\u00e1culos que nos impiden dar el siguiente paso.<\/p>\n","protected":false},"featured_media":3630,"comment_status":"open","ping_status":"closed","template":"","meta":{"_acf_changed":false},"product_brand":[],"product_cat":[159,162],"product_tag":[],"class_list":{"0":"post-3674","1":"product","2":"type-product","3":"status-publish","4":"has-post-thumbnail","6":"product_cat-tone-of-life-gongs-es","7":"product_cat-sun-gongs-es","9":"first","10":"onbackorder","11":"shipping-taxable","12":"purchasable","13":"product-type-simple"},"acf":[],"_links":{"self":[{"href":"https:\/\/toneoflifegongs.com\/es\/wp-json\/wp\/v2\/product\/3674","targetHints":{"allow":["GET"]}}],"collection":[{"href":"https:\/\/toneoflifegongs.com\/es\/wp-json\/wp\/v2\/product"}],"about":[{"href":"https:\/\/toneoflifegongs.com\/es\/wp-json\/wp\/v2\/types\/product"}],"replies":[{"embeddable":true,"href":"https:\/\/toneoflifegongs.com\/es\/wp-json\/wp\/v2\/comments?post=3674"}],"wp:featuredmedia":[{"embeddable":true,"href":"https:\/\/toneoflifegongs.com\/es\/wp-json\/wp\/v2\/media\/3630"}],"wp:attachment":[{"href":"https:\/\/toneoflifegongs.com\/es\/wp-json\/wp\/v2\/media?parent=3674"}],"wp:term":[{"taxonomy":"product_brand","embeddable":true,"href":"https:\/\/toneoflifegongs.com\/es\/wp-json\/wp\/v2\/product_brand?post=3674"},{"taxonomy":"product_cat","embeddable":true,"href":"https:\/\/toneoflifegongs.com\/es\/wp-json\/wp\/v2\/product_cat?post=3674"},{"taxonomy":"product_tag","embeddable":true,"href":"https:\/\/toneoflifegongs.com\/es\/wp-json\/wp\/v2\/product_tag?post=3674"}],"curies":[{"name":"wp","href":"https:\/\/api.w.org\/{rel}","templated":true}]}}