{"id":4040,"date":"2020-01-28T09:25:55","date_gmt":"2020-01-28T08:25:55","guid":{"rendered":"https:\/\/toneoflifegongs.com\/product\/telescopic-stand-bag\/"},"modified":"2026-01-14T14:02:04","modified_gmt":"2026-01-14T13:02:04","slug":"telescopic-stand-bag","status":"publish","type":"product","link":"https:\/\/toneoflifegongs.com\/de\/telescopic-stand-bag\/","title":{"rendered":"Schutzh\u00fclle f\u00fcr Telescopic ST\u00c4NDER"},"content":{"rendered":"<p>Our new, strong and easy to transport Telescopic Stand Bag!\u00a0 Reinforced carry strap and pull handle. \u00a0Designed for\u00a0Single Telescopic Gong Stand up to 36\u201d\/90cm Gongs.<\/p>\n","protected":false},"excerpt":{"rendered":"<p>Our new, strong and easy to transport Telescopic Stand Bag!\u00a0 Reinforced carry strap and pull handle. \u00a0Designed for\u00a0Single Telescopic Gong Stand up to 36\u201d\/90cm Gongs.<\/p>\n","protected":false},"featured_media":3113,"comment_status":"open","ping_status":"closed","template":"","meta":{"_acf_changed":false},"product_brand":[],"product_cat":[67,68,114],"product_tag":[],"class_list":{"0":"post-4040","1":"product","2":"type-product","3":"status-publish","4":"has-post-thumbnail","6":"product_cat-schutzhuelle-de","7":"product_cat-staender-fuer-gong-de","8":"product_cat-schutzhuelle-fuer-einen-gongstaender-de","10":"first","11":"instock","12":"shipping-taxable","13":"purchasable","14":"product-type-simple"},"acf":[],"_links":{"self":[{"href":"https:\/\/toneoflifegongs.com\/de\/wp-json\/wp\/v2\/product\/4040","targetHints":{"allow":["GET"]}}],"collection":[{"href":"https:\/\/toneoflifegongs.com\/de\/wp-json\/wp\/v2\/product"}],"about":[{"href":"https:\/\/toneoflifegongs.com\/de\/wp-json\/wp\/v2\/types\/product"}],"replies":[{"embeddable":true,"href":"https:\/\/toneoflifegongs.com\/de\/wp-json\/wp\/v2\/comments?post=4040"}],"wp:featuredmedia":[{"embeddable":true,"href":"https:\/\/toneoflifegongs.com\/de\/wp-json\/wp\/v2\/media\/3113"}],"wp:attachment":[{"href":"https:\/\/toneoflifegongs.com\/de\/wp-json\/wp\/v2\/media?parent=4040"}],"wp:term":[{"taxonomy":"product_brand","embeddable":true,"href":"https:\/\/toneoflifegongs.com\/de\/wp-json\/wp\/v2\/product_brand?post=4040"},{"taxonomy":"product_cat","embeddable":true,"href":"https:\/\/toneoflifegongs.com\/de\/wp-json\/wp\/v2\/product_cat?post=4040"},{"taxonomy":"product_tag","embeddable":true,"href":"https:\/\/toneoflifegongs.com\/de\/wp-json\/wp\/v2\/product_tag?post=4040"}],"curies":[{"name":"wp","href":"https:\/\/api.w.org\/{rel}","templated":true}]}}