{"id":3786,"date":"2020-01-23T09:34:03","date_gmt":"2020-01-23T08:34:03","guid":{"rendered":"https:\/\/toneoflifegongs.com\/product\/stand-bag-for-arched-stands-with-wheels\/"},"modified":"2020-05-26T19:16:11","modified_gmt":"2020-05-26T17:16:11","slug":"stand-bag-for-arched-stands-with-wheels","status":"publish","type":"product","link":"https:\/\/toneoflifegongs.com\/de\/stand-bag-for-arched-stands-with-wheels\/","title":{"rendered":"Schutzh\u00fclle f\u00fcr einen  GEW\u00d6LBTE ST\u00c4NDER mit Rollen"},"content":{"rendered":"<p>Die St\u00e4nder k\u00f6nnen w\u00e4hrend des Transports und der Verpackung ein Problem darstellen\u2026. jetzt haben wir eine praktische und einzigartige M\u00f6glichkeit, damit umzugehen.\u00a0<span class=\"Apple-converted-space\">\u00a0<\/span>Unsere robusten und leicht zu transportierenden Rollst\u00e4nder -Schutzh\u00fcllen.\u00a0Entworfen f\u00fcr gew\u00f6lbte St\u00e4nde.<\/p>\n","protected":false},"excerpt":{"rendered":"<p>Unsere robusten und leicht zu transportierenden Rollst\u00e4nder -Schutzh\u00fclle. Separate F\u00e4cher f\u00fcr jedes Element.\u00a0<span class=\"Apple-converted-space\">\u00a0<\/span>Verst\u00e4rkter Tragegurt und Griff.<\/p>\n","protected":false},"featured_media":3746,"comment_status":"open","ping_status":"closed","template":"","meta":{"_acf_changed":false},"product_brand":[],"product_cat":[68,114],"product_tag":[],"class_list":{"0":"post-3786","1":"product","2":"type-product","3":"status-publish","4":"has-post-thumbnail","6":"product_cat-staender-fuer-gong-de","7":"product_cat-schutzhuelle-fuer-einen-gongstaender-de","9":"first","10":"instock","11":"shipping-taxable","12":"purchasable","13":"product-type-simple"},"acf":[],"_links":{"self":[{"href":"https:\/\/toneoflifegongs.com\/de\/wp-json\/wp\/v2\/product\/3786","targetHints":{"allow":["GET"]}}],"collection":[{"href":"https:\/\/toneoflifegongs.com\/de\/wp-json\/wp\/v2\/product"}],"about":[{"href":"https:\/\/toneoflifegongs.com\/de\/wp-json\/wp\/v2\/types\/product"}],"replies":[{"embeddable":true,"href":"https:\/\/toneoflifegongs.com\/de\/wp-json\/wp\/v2\/comments?post=3786"}],"wp:featuredmedia":[{"embeddable":true,"href":"https:\/\/toneoflifegongs.com\/de\/wp-json\/wp\/v2\/media\/3746"}],"wp:attachment":[{"href":"https:\/\/toneoflifegongs.com\/de\/wp-json\/wp\/v2\/media?parent=3786"}],"wp:term":[{"taxonomy":"product_brand","embeddable":true,"href":"https:\/\/toneoflifegongs.com\/de\/wp-json\/wp\/v2\/product_brand?post=3786"},{"taxonomy":"product_cat","embeddable":true,"href":"https:\/\/toneoflifegongs.com\/de\/wp-json\/wp\/v2\/product_cat?post=3786"},{"taxonomy":"product_tag","embeddable":true,"href":"https:\/\/toneoflifegongs.com\/de\/wp-json\/wp\/v2\/product_tag?post=3786"}],"curies":[{"name":"wp","href":"https:\/\/api.w.org\/{rel}","templated":true}]}}