{"id":3765,"date":"2020-01-23T09:21:55","date_gmt":"2020-01-23T08:21:55","guid":{"rendered":"https:\/\/toneoflifegongs.com\/product\/triple-arched-gong-stand-bag-with-wheels\/"},"modified":"2020-05-26T19:16:59","modified_gmt":"2020-05-26T17:16:59","slug":"triple-arched-gong-stand-bag-with-wheels","status":"publish","type":"product","link":"https:\/\/toneoflifegongs.com\/de\/triple-arched-gong-stand-bag-with-wheels\/","title":{"rendered":"Triple Arched Gong Stand Bag mit Rollen"},"content":{"rendered":"<p>Die St\u00e4nder k\u00f6nnen w\u00e4hrend des Transports und der Verpackung ein Problem darstellen\u2026. jetzt haben wir eine praktische und einzigartige M\u00f6glichkeit, damit umzugehen.\u00a0<span class=\"Apple-converted-space\">\u00a0<\/span>Unsere robusten und leicht zu transportierenden Rollst\u00e4nder -Schutzh\u00fcllen.\u00a0Entworfen f\u00fcr Triple Arched Gong Stand &#8211; Hangs 1 up to \u00a042&#8243;\/105cm \u00a0and 2 up to 32&#8243;\/75cm Gongs.<\/p>\n","protected":false},"excerpt":{"rendered":"<p>Unsere robusten und leicht zu transportierenden Rollst\u00e4nder -Schutzh\u00fclle. Separate F\u00e4cher f\u00fcr jedes Element.\u00a0<span class=\"Apple-converted-space\">\u00a0<\/span>Verst\u00e4rkter Tragegurt und Griff.<\/p>\n","protected":false},"featured_media":3758,"comment_status":"open","ping_status":"closed","template":"","meta":{"_acf_changed":false},"product_brand":[],"product_cat":[68,114],"product_tag":[],"class_list":{"0":"post-3765","1":"product","2":"type-product","3":"status-publish","4":"has-post-thumbnail","6":"product_cat-staender-fuer-gong-de","7":"product_cat-schutzhuelle-fuer-einen-gongstaender-de","9":"first","10":"instock","11":"shipping-taxable","12":"purchasable","13":"product-type-simple"},"acf":[],"_links":{"self":[{"href":"https:\/\/toneoflifegongs.com\/de\/wp-json\/wp\/v2\/product\/3765","targetHints":{"allow":["GET"]}}],"collection":[{"href":"https:\/\/toneoflifegongs.com\/de\/wp-json\/wp\/v2\/product"}],"about":[{"href":"https:\/\/toneoflifegongs.com\/de\/wp-json\/wp\/v2\/types\/product"}],"replies":[{"embeddable":true,"href":"https:\/\/toneoflifegongs.com\/de\/wp-json\/wp\/v2\/comments?post=3765"}],"wp:featuredmedia":[{"embeddable":true,"href":"https:\/\/toneoflifegongs.com\/de\/wp-json\/wp\/v2\/media\/3758"}],"wp:attachment":[{"href":"https:\/\/toneoflifegongs.com\/de\/wp-json\/wp\/v2\/media?parent=3765"}],"wp:term":[{"taxonomy":"product_brand","embeddable":true,"href":"https:\/\/toneoflifegongs.com\/de\/wp-json\/wp\/v2\/product_brand?post=3765"},{"taxonomy":"product_cat","embeddable":true,"href":"https:\/\/toneoflifegongs.com\/de\/wp-json\/wp\/v2\/product_cat?post=3765"},{"taxonomy":"product_tag","embeddable":true,"href":"https:\/\/toneoflifegongs.com\/de\/wp-json\/wp\/v2\/product_tag?post=3765"}],"curies":[{"name":"wp","href":"https:\/\/api.w.org\/{rel}","templated":true}]}}