{"id":2870,"date":"2019-10-07T14:58:59","date_gmt":"2019-10-07T12:59:01","guid":{"rendered":"http:\/\/tol.adcookie.usermd.net\/?post_type=product&#038;p=2870"},"modified":"2023-05-26T07:34:56","modified_gmt":"2023-05-26T05:34:56","slug":"flumie-set","status":"publish","type":"product","link":"https:\/\/toneoflifegongs.com\/de\/flumie-set\/","title":{"rendered":"Gongreiber-  Set"},"content":{"rendered":"<p>3 Stck. Gummi-Gongreiber Set in 3 Gr\u00f6\u00dfen: die kleinsten Reiber ergeben sehr hohe Kl\u00e4nge. Sie k\u00f6nnen unglaubliche Ger\u00e4usche erzeugen &#8211; von Delfinen und Walen -Kl\u00e4ngen bis hin zu explodierenden Vulkanen<\/p>\n","protected":false},"excerpt":{"rendered":"<p>3 Stck. Gummi-Gongreiber Set in 3 Gr\u00f6\u00dfen: die kleinsten Reiber ergeben sehr hohe Kl\u00e4nge. Sie k\u00f6nnen unglaubliche Ger\u00e4usche erzeugen &#8211; von Delfinen und Walen -Kl\u00e4ngen bis hin zu explodierenden Vulkanen<\/p>\n","protected":false},"featured_media":6802,"comment_status":"open","ping_status":"closed","template":"","meta":{"_acf_changed":false},"product_brand":[],"product_cat":[69,106],"product_tag":[],"class_list":{"0":"post-2870","1":"product","2":"type-product","3":"status-publish","4":"has-post-thumbnail","6":"product_cat-staebe-de","7":"product_cat-gongreiber-de","9":"first","10":"instock","11":"featured","12":"shipping-taxable","13":"purchasable","14":"product-type-simple"},"acf":[],"_links":{"self":[{"href":"https:\/\/toneoflifegongs.com\/de\/wp-json\/wp\/v2\/product\/2870","targetHints":{"allow":["GET"]}}],"collection":[{"href":"https:\/\/toneoflifegongs.com\/de\/wp-json\/wp\/v2\/product"}],"about":[{"href":"https:\/\/toneoflifegongs.com\/de\/wp-json\/wp\/v2\/types\/product"}],"replies":[{"embeddable":true,"href":"https:\/\/toneoflifegongs.com\/de\/wp-json\/wp\/v2\/comments?post=2870"}],"wp:featuredmedia":[{"embeddable":true,"href":"https:\/\/toneoflifegongs.com\/de\/wp-json\/wp\/v2\/media\/6802"}],"wp:attachment":[{"href":"https:\/\/toneoflifegongs.com\/de\/wp-json\/wp\/v2\/media?parent=2870"}],"wp:term":[{"taxonomy":"product_brand","embeddable":true,"href":"https:\/\/toneoflifegongs.com\/de\/wp-json\/wp\/v2\/product_brand?post=2870"},{"taxonomy":"product_cat","embeddable":true,"href":"https:\/\/toneoflifegongs.com\/de\/wp-json\/wp\/v2\/product_cat?post=2870"},{"taxonomy":"product_tag","embeddable":true,"href":"https:\/\/toneoflifegongs.com\/de\/wp-json\/wp\/v2\/product_tag?post=2870"}],"curies":[{"name":"wp","href":"https:\/\/api.w.org\/{rel}","templated":true}]}}