{"id":2803,"date":"2019-10-07T13:21:27","date_gmt":"2019-10-07T11:21:28","guid":{"rendered":"http:\/\/tol.adcookie.usermd.net\/?post_type=product&#038;p=2803"},"modified":"2020-01-28T14:01:43","modified_gmt":"2020-01-28T13:01:43","slug":"gong-mallet-professional-wm2-s-short-version","status":"publish","type":"product","link":"https:\/\/toneoflifegongs.com\/de\/gong-mallet-professional-wm2-s-short-version\/","title":{"rendered":"Gong &#8211; St\u00e4be \u2013 Professional \u2013 WM2 &#8211; S(K\u00fcrzere Variante)"},"content":{"rendered":"<p>Tone of Life Professional Schl\u00e4ger sind speziell f\u00fcr das Spielen auf vielen verschiedenen Gongs entwickelt worden. Der Schl\u00e4ger hat eine leicht straffe Filzbasis. Der Griff aus Buchenholz, ergonomisch ausgewogen. Die Farbige Codierung am Griff erleichtert die Auswahl des richtigen Gewichts f\u00fcr die Auff\u00fchrung. Die k\u00fcrzere Version des &#8222;-S&#8220; eignet sich besonders f\u00fcr das Spielen in Sitzposition.<\/p>\n<p>Gr\u00f6\u00dfen: WM2-WM11. WM2 ist die kleinste Dimension,<span class=\"Apple-converted-space\">\u00a0 <\/span>WM10 ist die gr\u00f6\u00dfte Dimension.<\/p>\n<p>WM2 (grau, Gewicht- 240g), \u00d8 Gong 40-80cm, l\u00e4ngere Variante &#8211; L\u00e4nge \u2013 45 cm, k\u00fcrzere Variante:- L\u00e4nge 35 cm<\/p>\n<p>WM3 (braun, Gewicht &#8211; 320g), \u00d8 Gong 55-90cm, l\u00e4ngere Variante &#8211; L\u00e4nge \u2013 46 cm, k\u00fcrzere Variante:- L\u00e4nge 36 cm<\/p>\n<p>WM4 (gr\u00fcn, Gewicht &#8211; 370g), \u00d8 Gong 60-100cm, l\u00e4ngere Variante &#8211; L\u00e4nge \u2013 46 cm, k\u00fcrzere Variante:- L\u00e4nge 36 cm<\/p>\n<p>WM5 (gelb, Gewicht &#8211; 460g), \u00d8 Gong 65-110cm, l\u00e4ngere Variante &#8211; L\u00e4nge \u2013 46 cm, k\u00fcrzere Variante:- L\u00e4nge 36 cm<\/p>\n<p>WM6 (blau, Gewicht &#8211; 500g), \u00d8 Gong 75-115cm, l\u00e4ngere Variante &#8211; L\u00e4nge \u2013 48 cm, k\u00fcrzere Variante:- L\u00e4nge 38 cm<\/p>\n<p>WM7 (rot, Gewicht &#8211; 590g), \u00d8 Gong 85-130cm, l\u00e4ngere Variante &#8211; L\u00e4nge \u2013 48 cm, k\u00fcrzere Variante:- L\u00e4nge 38 cm<\/p>\n<p>WM8 (schwarz, Gewicht &#8211; 820g), \u00d8 Gong 100-140cm, l\u00e4ngere Variante &#8211; L\u00e4nge \u2013 55 cm, k\u00fcrzere Variante:- L\u00e4nge 44 cm<\/p>\n<p>WM9 (orangefarbene, Gewicht &#8211; 950g), \u00d8 Gong 110-150cm, l\u00e4ngere Variante &#8211; L\u00e4nge \u2013 54 cm, k\u00fcrzere Variante:- L\u00e4nge 44 cm<\/p>\n<p>WM10 (zitronengelb, Gewicht &#8211; 1050g), \u00d8 Gong 130-170cm, l\u00e4ngere Variante &#8211; L\u00e4nge \u2013 55 cm, k\u00fcrzere Variante:- L\u00e4nge 45 cm<\/p>\n<p>WM11 (burgunderrot, Gewicht &#8211; 1300g), \u00d8 Gong 150-200cm, l\u00e4ngere Variante &#8211; L\u00e4nge \u2013 56 cm, k\u00fcrzere Variante:- L\u00e4nge 46 cm<\/p>\n<p>&nbsp;<\/p>\n","protected":false},"excerpt":{"rendered":"<p>Tone of Life Professional Schl\u00e4ger sind speziell f\u00fcr das Spielen auf vielen verschiedenen Gongs entwickelt worden. Der Schl\u00e4ger hat eine leicht straffe Filzbasis. Der Griff aus Buchenholz, ergonomisch ausgewogen. Die Farbige Codierung am Griff erleichtert die Auswahl des richtigen Gewichts f\u00fcr die Auff\u00fchrung. Die k\u00fcrzere Version des &#8222;-S&#8220; eignet sich besonders f\u00fcr das Spielen in Sitzposition.<\/p>\n","protected":false},"featured_media":2829,"comment_status":"open","ping_status":"closed","template":"","meta":{"_acf_changed":false},"product_brand":[],"product_cat":[69,107],"product_tag":[],"class_list":{"0":"post-2803","1":"product","2":"type-product","3":"status-publish","4":"has-post-thumbnail","6":"product_cat-staebe-de","7":"product_cat-holz-staebe-de","9":"first","10":"instock","11":"shipping-taxable","12":"purchasable","13":"product-type-simple"},"acf":[],"_links":{"self":[{"href":"https:\/\/toneoflifegongs.com\/de\/wp-json\/wp\/v2\/product\/2803","targetHints":{"allow":["GET"]}}],"collection":[{"href":"https:\/\/toneoflifegongs.com\/de\/wp-json\/wp\/v2\/product"}],"about":[{"href":"https:\/\/toneoflifegongs.com\/de\/wp-json\/wp\/v2\/types\/product"}],"replies":[{"embeddable":true,"href":"https:\/\/toneoflifegongs.com\/de\/wp-json\/wp\/v2\/comments?post=2803"}],"wp:featuredmedia":[{"embeddable":true,"href":"https:\/\/toneoflifegongs.com\/de\/wp-json\/wp\/v2\/media\/2829"}],"wp:attachment":[{"href":"https:\/\/toneoflifegongs.com\/de\/wp-json\/wp\/v2\/media?parent=2803"}],"wp:term":[{"taxonomy":"product_brand","embeddable":true,"href":"https:\/\/toneoflifegongs.com\/de\/wp-json\/wp\/v2\/product_brand?post=2803"},{"taxonomy":"product_cat","embeddable":true,"href":"https:\/\/toneoflifegongs.com\/de\/wp-json\/wp\/v2\/product_cat?post=2803"},{"taxonomy":"product_tag","embeddable":true,"href":"https:\/\/toneoflifegongs.com\/de\/wp-json\/wp\/v2\/product_tag?post=2803"}],"curies":[{"name":"wp","href":"https:\/\/api.w.org\/{rel}","templated":true}]}}