{"id":2753,"date":"2019-10-07T11:59:34","date_gmt":"2019-10-07T09:59:35","guid":{"rendered":"http:\/\/tol.adcookie.usermd.net\/?post_type=product&#038;p=2753"},"modified":"2020-01-28T11:14:31","modified_gmt":"2020-01-28T10:14:31","slug":"gong-mallet-classic-series-m3","status":"publish","type":"product","link":"https:\/\/toneoflifegongs.com\/de\/gong-mallet-classic-series-m3\/","title":{"rendered":"Gong &#8211; St\u00e4be      Classic- Serie \u2013 M3"},"content":{"rendered":"<p>Tone of Life Classic Schl\u00e4ger sind speziell f\u00fcr das Spielen auf vielen verschiedenen Gongs entwickelt worden. Die Basis des Kopfes ist aus leicht elastischem Filz hergestellt. Der Griff der Classic-Serie ist aus beschichtetem Aluminium gefertigt. Der Farbcode auf den Griffen hilft Ihnen, das richtige Gewicht f\u00fcr Ihre Auff\u00fchrung zu w\u00e4hlen. Jedem Stab liegt ein St\u00e4nder bei.<\/p>\n<p>Gr\u00f6\u00dfen: Von M1 bis M8. M1 ist die kleinste Dimension,<span class=\"Apple-converted-space\">\u00a0 <\/span>M8 die gr\u00f6\u00dfte Dimension.<\/p>\n<p>M1 (wei\u00df, Gewicht &#8211; 210 g, L\u00e4nge- 32 cm), \u00d8 Gong: bis 50 cm<\/p>\n<p>M2 (grau, Gewicht &#8211; 260 g, L\u00e4nge &#8211; 32cm), \u00d8 Gong: von 40 bis 80 cm<\/p>\n<p>M3 (braun, Gewicht &#8211; 315 g, L\u00e4nge &#8211; 32cm), \u00d8 Gong: von 50 bis 90 cm<\/p>\n<p>M4 (gr\u00fcn, Gewicht &#8211; 360 g, L\u00e4nge &#8211; 32cm), \u00d8 Gong: von 60 bis 100 cm<\/p>\n<p>M5 (gelb, Gewicht &#8211; 420 g, L\u00e4nge &#8211; 33 cm), \u00d8 Gong:<span class=\"Apple-converted-space\">\u00a0 <\/span>von 65 bis 110 cm<\/p>\n<p>M6 (blau, Gewicht &#8211; 520 g, L\u00e4nge &#8211; 33cm), \u00d8 Gong: von 75 bis 120 cm<\/p>\n<p>M7 (orangefarbene, Gewicht &#8211; 900 g, L\u00e4nge<span class=\"Apple-converted-space\">\u00a0 <\/span>&#8211; 33cm), \u00d8 Gong: von 100 bis 150 cm<\/p>\n<p>M8 (dunkelbraun, Gewicht &#8211; 1310 g, L\u00e4nge &#8211; 38cm), \u00d8 Gong: von 130 bis 200 cm<\/p>\n<p>&nbsp;<\/p>\n","protected":false},"excerpt":{"rendered":"<p>Tone of Life Classic Schl\u00e4ger sind speziell f\u00fcr das Spielen auf vielen verschiedenen Gongs entwickelt worden. Die Basis des Kopfes ist aus leicht elastischem Filz hergestellt. Der Griff der Classic-Serie ist aus beschichtetem Aluminium gefertigt.<\/p>\n<p><b>Gong &#8211; St\u00e4be<span class=\"Apple-converted-space\">\u00a0 \u00a0 \u00a0 <\/span>Classic- Serie \u2013 M3<\/b><\/p>\n<p><span class=\"im\">\u00a0<\/span><\/p>\n","protected":false},"featured_media":2734,"comment_status":"open","ping_status":"closed","template":"","meta":{"_acf_changed":false},"product_brand":[],"product_cat":[69,108],"product_tag":[],"class_list":{"0":"post-2753","1":"product","2":"type-product","3":"status-publish","4":"has-post-thumbnail","6":"product_cat-staebe-de","7":"product_cat-aluminium-staebe-de","9":"first","10":"instock","11":"shipping-taxable","12":"purchasable","13":"product-type-simple"},"acf":[],"_links":{"self":[{"href":"https:\/\/toneoflifegongs.com\/de\/wp-json\/wp\/v2\/product\/2753","targetHints":{"allow":["GET"]}}],"collection":[{"href":"https:\/\/toneoflifegongs.com\/de\/wp-json\/wp\/v2\/product"}],"about":[{"href":"https:\/\/toneoflifegongs.com\/de\/wp-json\/wp\/v2\/types\/product"}],"replies":[{"embeddable":true,"href":"https:\/\/toneoflifegongs.com\/de\/wp-json\/wp\/v2\/comments?post=2753"}],"wp:featuredmedia":[{"embeddable":true,"href":"https:\/\/toneoflifegongs.com\/de\/wp-json\/wp\/v2\/media\/2734"}],"wp:attachment":[{"href":"https:\/\/toneoflifegongs.com\/de\/wp-json\/wp\/v2\/media?parent=2753"}],"wp:term":[{"taxonomy":"product_brand","embeddable":true,"href":"https:\/\/toneoflifegongs.com\/de\/wp-json\/wp\/v2\/product_brand?post=2753"},{"taxonomy":"product_cat","embeddable":true,"href":"https:\/\/toneoflifegongs.com\/de\/wp-json\/wp\/v2\/product_cat?post=2753"},{"taxonomy":"product_tag","embeddable":true,"href":"https:\/\/toneoflifegongs.com\/de\/wp-json\/wp\/v2\/product_tag?post=2753"}],"curies":[{"name":"wp","href":"https:\/\/api.w.org\/{rel}","templated":true}]}}