{"id":2705,"date":"2019-10-04T12:23:21","date_gmt":"2019-10-04T10:23:21","guid":{"rendered":"http:\/\/tol.adcookie.usermd.net\/?post_type=product&#038;p=2705"},"modified":"2025-05-19T20:12:32","modified_gmt":"2025-05-19T18:12:32","slug":"single-to-double-arched-gong-stand-up-to-42-105cm-32-80cm-gongs","status":"publish","type":"product","link":"https:\/\/toneoflifegongs.com\/de\/single-to-double-arched-gong-stand-up-to-42-105cm-32-80cm-gongs\/","title":{"rendered":"Von einzeln bis doppelt, gew\u00f6lbte St\u00e4nder f\u00fcr Gongs bis 42\u201d\/105cm &#038; 32\u201d\/80cm"},"content":{"rendered":"<div id=\"tab-description\" class=\"tab-pane active\">\n<p dir=\"ltr\">\n<p>Von einzeln bis doppelt, gew\u00f6lbte St\u00e4nder f\u00fcr Gongs- austauschbar f\u00fcrs Spielen in der Sitzposition. Unsere L\u00f6sung ist ein sch\u00f6n verarbeiteter, einfach auf- und abzubauender, leichter, gew\u00f6lbter St\u00e4nder auf R\u00e4dern aus verzinktem Stahl. Lieferbar mit zwei Fu\u00df-Sets, wahlweise mit der M\u00f6glichkeit, im Stehen zu spielen (auf h\u00f6heren F\u00fc\u00dfen) oder als Einzelst\u00e4nder zum Spielen in der Sitzposition (auf k\u00fcrzeren F\u00fc\u00dfen). Der Bogenst\u00e4nder besteht aus zwei Teilen, was den Transport leichter macht.<\/p>\n<p>\u2013 Doppel -Variante \u2013 der obere Gong bis 42\u201d und der untere Gong bis 32\u201d<\/p>\n<p>\u2013 Einzel &#8211; Variante \u2013 Gong bis 42\u201d<\/p>\n<p>DIMENSIONEN:<\/p>\n<p>Gewicht: 18 kg<\/p>\n<p>F\u00fcr den Doppel-St\u00e4nder:<\/p>\n<p>H\u00f6he: 204 cm<\/p>\n<p>Breite: 122 cm<\/p>\n<p>Die obere Aufh\u00e4ngung kann einen Gong mit einer maximalen Gr\u00f6\u00dfe von 42\u201d aufnehmen<\/p>\n<p>Die untere Aufh\u00e4ngung kann einen Gong mit einer maximalen Gr\u00f6\u00dfe von 32\u201d aufnehmen<\/p>\n<p>F\u00fcr den Einzel-St\u00e4nder:<\/p>\n<p>H\u00f6he: 150 cm<\/p>\n<p>Breite 122 cm<\/p>\n<p>Die Aufh\u00e4ngung kann einen Gong mit einer maximalen Gr\u00f6\u00dfe von 42\u201d aufnehmen<\/p>\n<p>&nbsp;<\/p>\n<\/div>\n","protected":false},"excerpt":{"rendered":"<p>Unsere L\u00f6sung ist ein sch\u00f6n verarbeiteter, einfach auf- und abzubauender, leichter, gew\u00f6lbter St\u00e4nder auf R\u00e4dern aus verzinktem Stahl. Lieferbar mit zwei Fu\u00df-Sets, wahlweise mit der M\u00f6glichkeit, im Stehen zu spielen (auf h\u00f6heren F\u00fc\u00dfen) oder als Einzelst\u00e4nder zum Spielen in der Sitzposition (auf k\u00fcrzeren F\u00fc\u00dfen).<span class=\"Apple-converted-space\">\u00a0<\/span><\/p>\n","protected":false},"featured_media":8168,"comment_status":"open","ping_status":"closed","template":"","meta":{"_acf_changed":false},"product_brand":[],"product_cat":[68,109],"product_tag":[],"class_list":{"0":"post-2705","1":"product","2":"type-product","3":"status-publish","4":"has-post-thumbnail","6":"product_cat-staender-fuer-gong-de","7":"product_cat-einzel-doppelstaender-fuer-gongs-de","9":"first","10":"instock","11":"shipping-taxable","12":"purchasable","13":"product-type-simple"},"acf":[],"_links":{"self":[{"href":"https:\/\/toneoflifegongs.com\/de\/wp-json\/wp\/v2\/product\/2705","targetHints":{"allow":["GET"]}}],"collection":[{"href":"https:\/\/toneoflifegongs.com\/de\/wp-json\/wp\/v2\/product"}],"about":[{"href":"https:\/\/toneoflifegongs.com\/de\/wp-json\/wp\/v2\/types\/product"}],"replies":[{"embeddable":true,"href":"https:\/\/toneoflifegongs.com\/de\/wp-json\/wp\/v2\/comments?post=2705"}],"wp:featuredmedia":[{"embeddable":true,"href":"https:\/\/toneoflifegongs.com\/de\/wp-json\/wp\/v2\/media\/8168"}],"wp:attachment":[{"href":"https:\/\/toneoflifegongs.com\/de\/wp-json\/wp\/v2\/media?parent=2705"}],"wp:term":[{"taxonomy":"product_brand","embeddable":true,"href":"https:\/\/toneoflifegongs.com\/de\/wp-json\/wp\/v2\/product_brand?post=2705"},{"taxonomy":"product_cat","embeddable":true,"href":"https:\/\/toneoflifegongs.com\/de\/wp-json\/wp\/v2\/product_cat?post=2705"},{"taxonomy":"product_tag","embeddable":true,"href":"https:\/\/toneoflifegongs.com\/de\/wp-json\/wp\/v2\/product_tag?post=2705"}],"curies":[{"name":"wp","href":"https:\/\/api.w.org\/{rel}","templated":true}]}}