{"id":2635,"date":"2019-10-03T14:43:32","date_gmt":"2019-10-03T12:43:34","guid":{"rendered":"http:\/\/tol.adcookie.usermd.net\/?post_type=product&#038;p=2635"},"modified":"2020-01-28T11:00:18","modified_gmt":"2020-01-28T10:00:18","slug":"double-square-gong-stand-up-to-34-85cm-gongs","status":"publish","type":"product","link":"https:\/\/toneoflifegongs.com\/de\/double-square-gong-stand-up-to-34-85cm-gongs\/","title":{"rendered":"Doppelter Vierkantst\u00e4nder f\u00fcr einen Gong bis 34\u2033\/85cm"},"content":{"rendered":"<p>Professioneller Gongst\u00e4nder aus verzinktem Stahl, auf Rollen mit Bremsen, in zwei Dimensionen. Mit zus\u00e4tzlichem Quietschschutzsystem, das bei dieser Art von St\u00e4ndern das Hauptproblem darstellt. Einfach f\u00fcr die Montage und beim Transport.<span class=\"Apple-converted-space\">\u00a0 <\/span>Mit einer zus\u00e4tzlichen Absperrklappe f\u00fcr mehr Sicherheit und weniger quietschende Fu\u00dfkappen. Der St\u00e4nder ist ausziehbar, so dass er vertikal verstellbar ist. Er kann Gongs gleicher Gr\u00f6\u00dfe, oben und unten, aufnehmen.<\/p>\n<p>Wir empfehlen sehr diesen St\u00e4nder. Er wurde mehrfach \u00fcberpr\u00fcft und funktioniert einwandfrei.<\/p>\n<p>Die obere Aufh\u00e4ngung kann einen Gong mit einer maximalen Gr\u00f6\u00dfe von 34\u201d\/85cm aufnehmen<\/p>\n<p>Die untere Aufh\u00e4ngung kann einen Gong mit einer maximalen Gr\u00f6\u00dfe von 34\u201d\/85cm aufnehmen<\/p>\n","protected":false},"excerpt":{"rendered":"<p>Professioneller Vierkantenst\u00e4nder f\u00fcr Gong bis 34\u2033\/85cm. Gongs sind aus verzinktem Stahl, auf R\u00e4dern mit Bremsen gefertigt. Mit zus\u00e4tzlichem Schutzsystem gegen Quitschen, das bei dieser Art von St\u00e4ndern das Hauptproblem darstellt. Einfach f\u00fcr die Montage und zum Tragen.<\/p>\n<p>&nbsp;<\/p>\n","protected":false},"featured_media":8120,"comment_status":"open","ping_status":"closed","template":"","meta":{"_acf_changed":false},"product_brand":[],"product_cat":[68,110],"product_tag":[],"class_list":{"0":"post-2635","1":"product","2":"type-product","3":"status-publish","4":"has-post-thumbnail","6":"product_cat-staender-fuer-gong-de","7":"product_cat-doppel-staender-fuer-gongs-de","9":"first","10":"instock","11":"shipping-taxable","12":"purchasable","13":"product-type-simple"},"acf":[],"_links":{"self":[{"href":"https:\/\/toneoflifegongs.com\/de\/wp-json\/wp\/v2\/product\/2635","targetHints":{"allow":["GET"]}}],"collection":[{"href":"https:\/\/toneoflifegongs.com\/de\/wp-json\/wp\/v2\/product"}],"about":[{"href":"https:\/\/toneoflifegongs.com\/de\/wp-json\/wp\/v2\/types\/product"}],"replies":[{"embeddable":true,"href":"https:\/\/toneoflifegongs.com\/de\/wp-json\/wp\/v2\/comments?post=2635"}],"wp:featuredmedia":[{"embeddable":true,"href":"https:\/\/toneoflifegongs.com\/de\/wp-json\/wp\/v2\/media\/8120"}],"wp:attachment":[{"href":"https:\/\/toneoflifegongs.com\/de\/wp-json\/wp\/v2\/media?parent=2635"}],"wp:term":[{"taxonomy":"product_brand","embeddable":true,"href":"https:\/\/toneoflifegongs.com\/de\/wp-json\/wp\/v2\/product_brand?post=2635"},{"taxonomy":"product_cat","embeddable":true,"href":"https:\/\/toneoflifegongs.com\/de\/wp-json\/wp\/v2\/product_cat?post=2635"},{"taxonomy":"product_tag","embeddable":true,"href":"https:\/\/toneoflifegongs.com\/de\/wp-json\/wp\/v2\/product_tag?post=2635"}],"curies":[{"name":"wp","href":"https:\/\/api.w.org\/{rel}","templated":true}]}}