{"id":2617,"date":"2019-10-03T14:18:50","date_gmt":"2019-10-03T12:18:50","guid":{"rendered":"http:\/\/tol.adcookie.usermd.net\/?post_type=product&#038;p=2617"},"modified":"2026-01-14T13:49:44","modified_gmt":"2026-01-14T12:49:44","slug":"single-telescopic-gong-stand-up-to-36-90cm-gong","status":"publish","type":"product","link":"https:\/\/toneoflifegongs.com\/de\/single-telescopic-gong-stand-up-to-36-90cm-gong\/","title":{"rendered":"Ausziehbarer Einzelst\u00e4nder f\u00fcr den Gong bis 36\u201d\/90cm"},"content":{"rendered":"<p>Ein guter Gongst\u00e4nder ist ein unverzichtbares Werkzeug f\u00fcr jeden, der diese au\u00dfergew\u00f6hnlichen Instrumente spielt. Nach vielen Versuchen ist es uns gelungen, einen St\u00e4nder wie den einzelnen ausziehbaren St\u00e4nder f\u00fcr den Gong 36&#8220;\/90cm zu fertigen, den wir selbst gerne nutzen. Sch\u00f6n verarbeitet, einfach auf- und abzubauen, leicht, aus verzinktem Stahl. Der St\u00e4nder besteht aus drei Teilen, was den Transport im Auto leichter macht.<\/p>\n<p>Dies ist ein ausziehbarer St\u00e4nder, der leicht, klein, aber dennoch leistungsstark und stabil genug ist, um<span class=\"Apple-converted-space\">\u00a0 <\/span>daran einen Gong 36&#8243;\/90cm aufzuh\u00e4ngen.<span class=\"Apple-converted-space\">\u00a0 <\/span>Ein einzelner ausziehbarer St\u00e4nder unterscheidet sich von einem Rollst\u00e4nder. Die Gesamth\u00f6he betr\u00e4gt bis zu 122 cm. Jeder Fu\u00df ist 62 cm lang. Die Gr\u00f6\u00dfe des verpackten Gongs betr\u00e4gt 72x22x11 [cm], das Gesamtgewicht 5kg.<\/p>\n<p>&nbsp;<\/p>\n<p>&nbsp;<\/p>\n<p>&nbsp;<\/p>\n","protected":false},"excerpt":{"rendered":"<p>Nach vielen Versuchen ist es uns gelungen, einen solchen St\u00e4nder als einzelnen ausziehbaren St\u00e4nder f\u00fcr den Gong 36&#8220;\/90cm zu fertigen, den wir selbst gerne nutzen. Sch\u00f6n verarbeitet, einfach auf- und abzubauen, leicht, aus verzinktem Stahl.<\/p>\n<p>&nbsp;<\/p>\n","protected":false},"featured_media":8252,"comment_status":"open","ping_status":"closed","template":"","meta":{"_acf_changed":false},"product_brand":[],"product_cat":[68,111],"product_tag":[],"class_list":{"0":"post-2617","1":"product","2":"type-product","3":"status-publish","4":"has-post-thumbnail","6":"product_cat-staender-fuer-gong-de","7":"product_cat-einzelstaender-fuer-gong-de","8":"product_shipping_class-courier-delivery","10":"first","11":"instock","12":"shipping-taxable","13":"purchasable","14":"product-type-simple"},"acf":[],"_links":{"self":[{"href":"https:\/\/toneoflifegongs.com\/de\/wp-json\/wp\/v2\/product\/2617","targetHints":{"allow":["GET"]}}],"collection":[{"href":"https:\/\/toneoflifegongs.com\/de\/wp-json\/wp\/v2\/product"}],"about":[{"href":"https:\/\/toneoflifegongs.com\/de\/wp-json\/wp\/v2\/types\/product"}],"replies":[{"embeddable":true,"href":"https:\/\/toneoflifegongs.com\/de\/wp-json\/wp\/v2\/comments?post=2617"}],"wp:featuredmedia":[{"embeddable":true,"href":"https:\/\/toneoflifegongs.com\/de\/wp-json\/wp\/v2\/media\/8252"}],"wp:attachment":[{"href":"https:\/\/toneoflifegongs.com\/de\/wp-json\/wp\/v2\/media?parent=2617"}],"wp:term":[{"taxonomy":"product_brand","embeddable":true,"href":"https:\/\/toneoflifegongs.com\/de\/wp-json\/wp\/v2\/product_brand?post=2617"},{"taxonomy":"product_cat","embeddable":true,"href":"https:\/\/toneoflifegongs.com\/de\/wp-json\/wp\/v2\/product_cat?post=2617"},{"taxonomy":"product_tag","embeddable":true,"href":"https:\/\/toneoflifegongs.com\/de\/wp-json\/wp\/v2\/product_tag?post=2617"}],"curies":[{"name":"wp","href":"https:\/\/api.w.org\/{rel}","templated":true}]}}