{"id":2575,"date":"2019-10-03T14:02:23","date_gmt":"2019-10-03T12:02:23","guid":{"rendered":"http:\/\/tol.adcookie.usermd.net\/?post_type=product&#038;p=2575"},"modified":"2020-01-28T10:42:15","modified_gmt":"2020-01-28T09:42:15","slug":"single-travel-stainless-steel-gong-stand-up-to-42-105cm-gong","status":"publish","type":"product","link":"https:\/\/toneoflifegongs.com\/de\/single-travel-stainless-steel-gong-stand-up-to-42-105cm-gong\/","title":{"rendered":"Einzel-Rollst\u00e4nder aus Edelstahl f\u00fcr Gongs bis 42\u2033\/105cm"},"content":{"rendered":"<p>Unsere neueste L\u00f6sung im Bereich der wundersch\u00f6n gefertigten Einzel-Rollst\u00e4nder f\u00fcr Gongs. Es ist sehr einfach auf- und abzubauen. Es ist ein ausziehbarer St\u00e4nder, der leicht und klein genug ist, um ihn in einem Koffer zu verpacken. Gleichzeitig ist er stark und stabil genug, um einen 42&#8243; Gong daran aufzuh\u00e4ngen.<\/p>\n<p>Gesamth\u00f6he bis zu 178 cm. Jeder Fu\u00df ist 100 cm lang. Die Gr\u00f6\u00dfe des verpackten Gongs betr\u00e4gt 55 cm x 20 cm, das Gesamtgewicht 5 kg. Er kann bis zu 70 kg heben. Und weil es aus Edelstahl gefertigt ist, rostet es nie!<\/p>\n<p>F\u00fcr diesen Rollst\u00e4nder wurde eine spezielle H\u00fclle entwickelt.<\/p>\n<p>&nbsp;<\/p>\n<p>&nbsp;<\/p>\n<p>&nbsp;<\/p>\n","protected":false},"excerpt":{"rendered":"<p>Unsere neueste L\u00f6sung im Bereich der wundersch\u00f6n gefertigten Einzel-Rollst\u00e4nder f\u00fcr Gongs. Es ist sehr einfach auf- und abzubauen. Es ist ein ausziehbarer St\u00e4nder, der leicht und klein genug ist, um ihn in einem Koffer zu verpacken. Gleichzeitig ist er stark und stabil genug, um einen 42&#8243; Gong daran aufzuh\u00e4ngen.<\/p>\n<p>&nbsp;<\/p>\n","protected":false},"featured_media":8547,"comment_status":"open","ping_status":"closed","template":"","meta":{"_acf_changed":false},"product_brand":[],"product_cat":[68,111],"product_tag":[],"class_list":{"0":"post-2575","1":"product","2":"type-product","3":"status-publish","4":"has-post-thumbnail","6":"product_cat-staender-fuer-gong-de","7":"product_cat-einzelstaender-fuer-gong-de","9":"first","10":"instock","11":"featured","12":"shipping-taxable","13":"purchasable","14":"product-type-simple"},"acf":[],"_links":{"self":[{"href":"https:\/\/toneoflifegongs.com\/de\/wp-json\/wp\/v2\/product\/2575","targetHints":{"allow":["GET"]}}],"collection":[{"href":"https:\/\/toneoflifegongs.com\/de\/wp-json\/wp\/v2\/product"}],"about":[{"href":"https:\/\/toneoflifegongs.com\/de\/wp-json\/wp\/v2\/types\/product"}],"replies":[{"embeddable":true,"href":"https:\/\/toneoflifegongs.com\/de\/wp-json\/wp\/v2\/comments?post=2575"}],"wp:featuredmedia":[{"embeddable":true,"href":"https:\/\/toneoflifegongs.com\/de\/wp-json\/wp\/v2\/media\/8547"}],"wp:attachment":[{"href":"https:\/\/toneoflifegongs.com\/de\/wp-json\/wp\/v2\/media?parent=2575"}],"wp:term":[{"taxonomy":"product_brand","embeddable":true,"href":"https:\/\/toneoflifegongs.com\/de\/wp-json\/wp\/v2\/product_brand?post=2575"},{"taxonomy":"product_cat","embeddable":true,"href":"https:\/\/toneoflifegongs.com\/de\/wp-json\/wp\/v2\/product_cat?post=2575"},{"taxonomy":"product_tag","embeddable":true,"href":"https:\/\/toneoflifegongs.com\/de\/wp-json\/wp\/v2\/product_tag?post=2575"}],"curies":[{"name":"wp","href":"https:\/\/api.w.org\/{rel}","templated":true}]}}