{"id":2519,"date":"2019-10-03T10:41:59","date_gmt":"2019-10-03T08:41:59","guid":{"rendered":"http:\/\/tol.adcookie.usermd.net\/?post_type=product&#038;p=2519"},"modified":"2020-01-28T10:47:19","modified_gmt":"2020-01-28T09:47:19","slug":"single-arched-stainless-steel-gong-stand-up-to-80-200cm-gong","status":"publish","type":"product","link":"https:\/\/toneoflifegongs.com\/de\/single-arched-stainless-steel-gong-stand-up-to-80-200cm-gong\/","title":{"rendered":"Einfacher Bogenst\u00e4nder aus Edelstahl f\u00fcr Gongs bis 80\u2033\/200cm"},"content":{"rendered":"<p>Sch\u00f6ner und leichter Bogenst\u00e4nder f\u00fcr Gong 80\u2033\/200cm aus Edelstahl. Es ist m\u00f6glich, St\u00e4nder f\u00fcr kleinere Gongs zu bestellen.<\/p>\n","protected":false},"excerpt":{"rendered":"<p>Sch\u00f6ner und leichter Bogenst\u00e4nder f\u00fcr Gong 80\u2033\/200cm aus Edelstahl. Es ist m\u00f6glich, St\u00e4nder f\u00fcr kleinere Gongs zu bestellen.<\/p>\n<p>&nbsp;<\/p>\n","protected":false},"featured_media":2553,"comment_status":"open","ping_status":"closed","template":"","meta":{"_acf_changed":false},"product_brand":[],"product_cat":[68,111],"product_tag":[],"class_list":{"0":"post-2519","1":"product","2":"type-product","3":"status-publish","4":"has-post-thumbnail","6":"product_cat-staender-fuer-gong-de","7":"product_cat-einzelstaender-fuer-gong-de","9":"first","10":"outofstock","11":"shipping-taxable","12":"purchasable","13":"product-type-simple"},"acf":[],"_links":{"self":[{"href":"https:\/\/toneoflifegongs.com\/de\/wp-json\/wp\/v2\/product\/2519","targetHints":{"allow":["GET"]}}],"collection":[{"href":"https:\/\/toneoflifegongs.com\/de\/wp-json\/wp\/v2\/product"}],"about":[{"href":"https:\/\/toneoflifegongs.com\/de\/wp-json\/wp\/v2\/types\/product"}],"replies":[{"embeddable":true,"href":"https:\/\/toneoflifegongs.com\/de\/wp-json\/wp\/v2\/comments?post=2519"}],"wp:featuredmedia":[{"embeddable":true,"href":"https:\/\/toneoflifegongs.com\/de\/wp-json\/wp\/v2\/media\/2553"}],"wp:attachment":[{"href":"https:\/\/toneoflifegongs.com\/de\/wp-json\/wp\/v2\/media?parent=2519"}],"wp:term":[{"taxonomy":"product_brand","embeddable":true,"href":"https:\/\/toneoflifegongs.com\/de\/wp-json\/wp\/v2\/product_brand?post=2519"},{"taxonomy":"product_cat","embeddable":true,"href":"https:\/\/toneoflifegongs.com\/de\/wp-json\/wp\/v2\/product_cat?post=2519"},{"taxonomy":"product_tag","embeddable":true,"href":"https:\/\/toneoflifegongs.com\/de\/wp-json\/wp\/v2\/product_tag?post=2519"}],"curies":[{"name":"wp","href":"https:\/\/api.w.org\/{rel}","templated":true}]}}