{"id":2508,"date":"2019-10-01T14:35:22","date_gmt":"2019-10-01T12:35:22","guid":{"rendered":"http:\/\/tol.adcookie.usermd.net\/?post_type=product&#038;p=2508"},"modified":"2020-01-28T11:03:24","modified_gmt":"2020-01-28T10:03:24","slug":"triple-arched-gong-stand-hangs-1-up-to-42-105cm-2-up-to-30-75cm-gongs","status":"publish","type":"product","link":"https:\/\/toneoflifegongs.com\/de\/triple-arched-gong-stand-hangs-1-up-to-42-105cm-2-up-to-30-75cm-gongs\/","title":{"rendered":"Der dreifache Bogen-Gongst\u00e4nder\u2013 umfasst 1-en Gong bis 42\u201d\/105cm oder  2 Gongs bis zu 30\u201d\/75cm"},"content":{"rendered":"<p>Ein guter Gongst\u00e4nder ist ein unverzichtbares Werkzeug f\u00fcr jeden, der diese au\u00dfergew\u00f6hnlichen Instrumente spielt. Nach vielen Versuchen ist es uns gelungen, einen solchen St\u00e4nder zu entwickeln, den wir gerne bei der Arbeit nutzen. Der dreifache Bogen- Gongst\u00e4nder ist aus verzinktem Stahl gefertigt. Dadurch ist er leicht und widerstandsf\u00e4hig gegen unelegante Kratzer, die w\u00e4hrend des Gebrauchs auftreten k\u00f6nnen. Gro\u00dfartig unter allen Bedingungen, aber besonders empfohlen f\u00fcr Solo-Auff\u00fchrungen.<span class=\"Apple-converted-space\">\u00a0 <\/span>Die Zuh\u00f6rer k\u00f6nnen den Surround-Sound vollst\u00e4ndig erleben, indem sie den rotierenden Klang h\u00f6ren, was ein unglaubliches Erlebnis sowohl auf k\u00f6rperlicher als auch auf \u00e4therischer Ebene bietet.<\/p>\n<p>&#8222;&#8230; Heute habe ich einen sch\u00f6nen Dreifach- Gongst\u00e4nder erhalten, wof\u00fcr ich sehr dankbar bin. Ihn einfach einen St\u00e4nder zu nennen, spiegelt nicht ganz seine wahre Natur wider, denn er ist eher wie ein Altar.\u201d R.C.<\/p>\n<p>Die Bewertung von einem zufriedenen Kunden<\/p>\n<p>Wie zu montieren:<\/p>\n<p><iframe loading=\"lazy\" title=\"How to setup Tone of Life Triple Stand\" width=\"500\" height=\"281\" src=\"https:\/\/www.youtube.com\/embed\/pgYvwhOEQy8?feature=oembed&#038;enablejsapi=1&#038;origin=https:\/\/toneoflifegongs.com\" frameborder=\"0\" allow=\"accelerometer; autoplay; clipboard-write; encrypted-media; gyroscope; picture-in-picture; web-share\" referrerpolicy=\"strict-origin-when-cross-origin\" allowfullscreen><\/iframe><\/p>\n","protected":false},"excerpt":{"rendered":"<p>Der dreifache Bogen- Gongst\u00e4nder ist unsere praktische und innovative L\u00f6sung. Mit Platz in der Mitte f\u00fcr einen Gong bis 42&#8243; und zwei Gongs bis 32&#8243; auf beiden Seiten. Es ist ausgewogen, so dass man ein, zwei oder drei Gongs aufh\u00e4ngen kann, ohne Stabilit\u00e4tsverlust. Einfache und schnelle Montage.<\/p>\n<p>&nbsp;<\/p>\n","protected":false},"featured_media":8449,"comment_status":"open","ping_status":"closed","template":"","meta":{"_acf_changed":false},"product_brand":[],"product_cat":[68,113],"product_tag":[],"class_list":{"0":"post-2508","1":"product","2":"type-product","3":"status-publish","4":"has-post-thumbnail","6":"product_cat-staender-fuer-gong-de","7":"product_cat-dreifachstaender-fuer-gongs-de","9":"first","10":"instock","11":"featured","12":"shipping-taxable","13":"purchasable","14":"product-type-simple"},"acf":[],"_links":{"self":[{"href":"https:\/\/toneoflifegongs.com\/de\/wp-json\/wp\/v2\/product\/2508","targetHints":{"allow":["GET"]}}],"collection":[{"href":"https:\/\/toneoflifegongs.com\/de\/wp-json\/wp\/v2\/product"}],"about":[{"href":"https:\/\/toneoflifegongs.com\/de\/wp-json\/wp\/v2\/types\/product"}],"replies":[{"embeddable":true,"href":"https:\/\/toneoflifegongs.com\/de\/wp-json\/wp\/v2\/comments?post=2508"}],"wp:featuredmedia":[{"embeddable":true,"href":"https:\/\/toneoflifegongs.com\/de\/wp-json\/wp\/v2\/media\/8449"}],"wp:attachment":[{"href":"https:\/\/toneoflifegongs.com\/de\/wp-json\/wp\/v2\/media?parent=2508"}],"wp:term":[{"taxonomy":"product_brand","embeddable":true,"href":"https:\/\/toneoflifegongs.com\/de\/wp-json\/wp\/v2\/product_brand?post=2508"},{"taxonomy":"product_cat","embeddable":true,"href":"https:\/\/toneoflifegongs.com\/de\/wp-json\/wp\/v2\/product_cat?post=2508"},{"taxonomy":"product_tag","embeddable":true,"href":"https:\/\/toneoflifegongs.com\/de\/wp-json\/wp\/v2\/product_tag?post=2508"}],"curies":[{"name":"wp","href":"https:\/\/api.w.org\/{rel}","templated":true}]}}