{"id":2500,"date":"2019-10-01T14:15:49","date_gmt":"2019-10-01T12:15:49","guid":{"rendered":"http:\/\/tol.adcookie.usermd.net\/?post_type=product&#038;p=2500"},"modified":"2020-01-28T11:08:05","modified_gmt":"2020-01-28T10:08:05","slug":"gong-stand-bag-with-wheels-for-up-to-42-stand","status":"publish","type":"product","link":"https:\/\/toneoflifegongs.com\/de\/gong-stand-bag-with-wheels-for-up-to-42-stand\/","title":{"rendered":"Schutzh\u00fclle f\u00fcr einen Gongst\u00e4nder bis 42\u201d mit Rollen"},"content":{"rendered":"<div id=\"tab-description\" class=\"tab-pane active\">\n<p>Die St\u00e4nder k\u00f6nnen w\u00e4hrend des Transports und der Verpackung ein Problem darstellen&#8230;. jetzt haben wir eine praktische und einzigartige M\u00f6glichkeit, damit umzugehen.<span class=\"Apple-converted-space\">\u00a0 <\/span>Unsere robusten und leicht zu transportierenden Rollst\u00e4nder -Schutzh\u00fcllen. Separate F\u00e4cher f\u00fcr jedes Element.<span class=\"Apple-converted-space\">\u00a0 <\/span>Verst\u00e4rkter Tragegurt und Griff. <span class=\"Apple-converted-space\">\u00a0<\/span><\/p>\n<p>Entwickelt f\u00fcr St\u00e4nder der Paiste -Art in zwei Dimensionen. F\u00fcr den St\u00e4nder bis 42\u2033 und den St\u00e4nder bis 42\u2033.<\/p>\n<p>Hergestellt in Polen.<\/p>\n<\/div>\n<p>&nbsp;<\/p>\n","protected":false},"excerpt":{"rendered":"<p>Unsere robusten und leicht zu transportierenden Rollst\u00e4nder -Schutzh\u00fclle. Separate F\u00e4cher f\u00fcr jedes Element.<span class=\"Apple-converted-space\">\u00a0 <\/span>Verst\u00e4rkter Tragegurt und Griff.<\/p>\n<p>&nbsp;<\/p>\n","protected":false},"featured_media":2453,"comment_status":"open","ping_status":"closed","template":"","meta":{"_acf_changed":false},"product_brand":[],"product_cat":[114,68],"product_tag":[],"class_list":{"0":"post-2500","1":"product","2":"type-product","3":"status-publish","4":"has-post-thumbnail","6":"product_cat-schutzhuelle-fuer-einen-gongstaender-de","7":"product_cat-staender-fuer-gong-de","9":"first","10":"instock","11":"shipping-taxable","12":"purchasable","13":"product-type-simple"},"acf":[],"_links":{"self":[{"href":"https:\/\/toneoflifegongs.com\/de\/wp-json\/wp\/v2\/product\/2500","targetHints":{"allow":["GET"]}}],"collection":[{"href":"https:\/\/toneoflifegongs.com\/de\/wp-json\/wp\/v2\/product"}],"about":[{"href":"https:\/\/toneoflifegongs.com\/de\/wp-json\/wp\/v2\/types\/product"}],"replies":[{"embeddable":true,"href":"https:\/\/toneoflifegongs.com\/de\/wp-json\/wp\/v2\/comments?post=2500"}],"wp:featuredmedia":[{"embeddable":true,"href":"https:\/\/toneoflifegongs.com\/de\/wp-json\/wp\/v2\/media\/2453"}],"wp:attachment":[{"href":"https:\/\/toneoflifegongs.com\/de\/wp-json\/wp\/v2\/media?parent=2500"}],"wp:term":[{"taxonomy":"product_brand","embeddable":true,"href":"https:\/\/toneoflifegongs.com\/de\/wp-json\/wp\/v2\/product_brand?post=2500"},{"taxonomy":"product_cat","embeddable":true,"href":"https:\/\/toneoflifegongs.com\/de\/wp-json\/wp\/v2\/product_cat?post=2500"},{"taxonomy":"product_tag","embeddable":true,"href":"https:\/\/toneoflifegongs.com\/de\/wp-json\/wp\/v2\/product_tag?post=2500"}],"curies":[{"name":"wp","href":"https:\/\/api.w.org\/{rel}","templated":true}]}}