{"id":2492,"date":"2019-10-01T13:57:42","date_gmt":"2019-10-01T11:57:42","guid":{"rendered":"http:\/\/tol.adcookie.usermd.net\/?post_type=product&#038;p=2492"},"modified":"2020-01-28T15:24:45","modified_gmt":"2020-01-28T14:24:45","slug":"protective-gongs-cover-42-105-cm","status":"publish","type":"product","link":"https:\/\/toneoflifegongs.com\/de\/protective-gongs-cover-42-105-cm\/","title":{"rendered":"Schutzauskleidung f\u00fcr den Gong- 42\u201d- 105 cm"},"content":{"rendered":"<p>Wei\u00dfes Baumwollschutzmaterial f\u00fcr den Gong. Einfach zu tragen, sch\u00fctzt Ihren Gong vor Staub, nassen und klebrigen Fingern!<\/p>\n","protected":false},"excerpt":{"rendered":"<p>Wei\u00dfes Baumwollschutzmaterial f\u00fcr den Gong. Einfach zu tragen, sch\u00fctzt Ihren Gong vor Staub, nassen und klebrigen Fingern!<\/p>\n<p>&nbsp;<\/p>\n","protected":false},"featured_media":2469,"comment_status":"open","ping_status":"closed","template":"","meta":{"_acf_changed":false},"product_brand":[],"product_cat":[67,115],"product_tag":[],"class_list":{"0":"post-2492","1":"product","2":"type-product","3":"status-publish","4":"has-post-thumbnail","6":"product_cat-schutzhuelle-de","7":"product_cat-schutzauskleidung-fuer-den-gong-de","9":"first","10":"instock","11":"shipping-taxable","12":"purchasable","13":"product-type-simple"},"acf":[],"_links":{"self":[{"href":"https:\/\/toneoflifegongs.com\/de\/wp-json\/wp\/v2\/product\/2492","targetHints":{"allow":["GET"]}}],"collection":[{"href":"https:\/\/toneoflifegongs.com\/de\/wp-json\/wp\/v2\/product"}],"about":[{"href":"https:\/\/toneoflifegongs.com\/de\/wp-json\/wp\/v2\/types\/product"}],"replies":[{"embeddable":true,"href":"https:\/\/toneoflifegongs.com\/de\/wp-json\/wp\/v2\/comments?post=2492"}],"wp:featuredmedia":[{"embeddable":true,"href":"https:\/\/toneoflifegongs.com\/de\/wp-json\/wp\/v2\/media\/2469"}],"wp:attachment":[{"href":"https:\/\/toneoflifegongs.com\/de\/wp-json\/wp\/v2\/media?parent=2492"}],"wp:term":[{"taxonomy":"product_brand","embeddable":true,"href":"https:\/\/toneoflifegongs.com\/de\/wp-json\/wp\/v2\/product_brand?post=2492"},{"taxonomy":"product_cat","embeddable":true,"href":"https:\/\/toneoflifegongs.com\/de\/wp-json\/wp\/v2\/product_cat?post=2492"},{"taxonomy":"product_tag","embeddable":true,"href":"https:\/\/toneoflifegongs.com\/de\/wp-json\/wp\/v2\/product_tag?post=2492"}],"curies":[{"name":"wp","href":"https:\/\/api.w.org\/{rel}","templated":true}]}}