{"id":2488,"date":"2019-10-01T13:55:43","date_gmt":"2019-10-01T11:55:43","guid":{"rendered":"http:\/\/tol.adcookie.usermd.net\/?post_type=product&#038;p=2488"},"modified":"2020-01-28T15:23:01","modified_gmt":"2020-01-28T14:23:01","slug":"protective-gongs-cover-30-75-cm","status":"publish","type":"product","link":"https:\/\/toneoflifegongs.com\/de\/protective-gongs-cover-30-75-cm\/","title":{"rendered":"Schutzauskleidung f\u00fcr den Gong- 30\u201d- 75 cm"},"content":{"rendered":"<p>Wei\u00dfes Baumwollschutzmaterial f\u00fcr den Gong. Einfach zu tragen, sch\u00fctzt Ihren Gong vor Staub, nassen und klebrigen Fingern!<\/p>\n","protected":false},"excerpt":{"rendered":"<p>Wei\u00dfes Baumwollschutzmaterial f\u00fcr den Gong. Einfach zu tragen, sch\u00fctzt Ihren Gong vor Staub, nassen und klebrigen Fingern!<\/p>\n<p>&nbsp;<\/p>\n","protected":false},"featured_media":2469,"comment_status":"open","ping_status":"closed","template":"","meta":{"_acf_changed":false},"product_brand":[],"product_cat":[67,115],"product_tag":[],"class_list":{"0":"post-2488","1":"product","2":"type-product","3":"status-publish","4":"has-post-thumbnail","6":"product_cat-schutzhuelle-de","7":"product_cat-schutzauskleidung-fuer-den-gong-de","9":"first","10":"instock","11":"shipping-taxable","12":"purchasable","13":"product-type-simple"},"acf":[],"_links":{"self":[{"href":"https:\/\/toneoflifegongs.com\/de\/wp-json\/wp\/v2\/product\/2488","targetHints":{"allow":["GET"]}}],"collection":[{"href":"https:\/\/toneoflifegongs.com\/de\/wp-json\/wp\/v2\/product"}],"about":[{"href":"https:\/\/toneoflifegongs.com\/de\/wp-json\/wp\/v2\/types\/product"}],"replies":[{"embeddable":true,"href":"https:\/\/toneoflifegongs.com\/de\/wp-json\/wp\/v2\/comments?post=2488"}],"wp:featuredmedia":[{"embeddable":true,"href":"https:\/\/toneoflifegongs.com\/de\/wp-json\/wp\/v2\/media\/2469"}],"wp:attachment":[{"href":"https:\/\/toneoflifegongs.com\/de\/wp-json\/wp\/v2\/media?parent=2488"}],"wp:term":[{"taxonomy":"product_brand","embeddable":true,"href":"https:\/\/toneoflifegongs.com\/de\/wp-json\/wp\/v2\/product_brand?post=2488"},{"taxonomy":"product_cat","embeddable":true,"href":"https:\/\/toneoflifegongs.com\/de\/wp-json\/wp\/v2\/product_cat?post=2488"},{"taxonomy":"product_tag","embeddable":true,"href":"https:\/\/toneoflifegongs.com\/de\/wp-json\/wp\/v2\/product_tag?post=2488"}],"curies":[{"name":"wp","href":"https:\/\/api.w.org\/{rel}","templated":true}]}}