{"id":2474,"date":"2019-10-01T13:22:41","date_gmt":"2019-10-01T11:22:41","guid":{"rendered":"http:\/\/tol.adcookie.usermd.net\/?post_type=product&#038;p=2474"},"modified":"2020-01-28T14:48:20","modified_gmt":"2020-01-28T13:48:20","slug":"gong-bag-reinforced-for-26-gong","status":"publish","type":"product","link":"https:\/\/toneoflifegongs.com\/de\/gong-bag-reinforced-for-26-gong\/","title":{"rendered":"Schutzh\u00fclle f\u00fcr Gong &#8211; verst\u00e4rkt im Hinblick auf Gong 26\u201d"},"content":{"rendered":"<p>Diese ausgepolsterte<span class=\"Apple-converted-space\">\u00a0 <\/span>Schutzh\u00fclle ist bequem, sicher und einfach zu tragen. Verst\u00e4rkter Griff, gesch\u00fctzter Gong-rand, rutschfeste Kante zum Aufstellen und praktische Tasche f\u00fcr den Schl\u00e4ger.<\/p>\n<p>Erh\u00e4ltlich in sechs Gr\u00f6\u00dfen auf Lager. Andere Gr\u00f6\u00dfen sind auf Bestellung auch erh\u00e4ltlich.<\/p>\n<p>Hergestellt in Polen.<\/p>\n<p>&nbsp;<\/p>\n","protected":false},"excerpt":{"rendered":"<p>Diese ausgepolsterte<span class=\"Apple-converted-space\">\u00a0 <\/span>Schutzh\u00fclle ist bequem, sicher und einfach zu tragen. Verst\u00e4rkter Griff, gesch\u00fctzter Gong-rand, rutschfeste Kante zum Aufstellen und praktische Tasche f\u00fcr den Schl\u00e4ger.<\/p>\n<p>&nbsp;<\/p>\n<p>&nbsp;<\/p>\n","protected":false},"featured_media":2441,"comment_status":"open","ping_status":"closed","template":"","meta":{"_acf_changed":false},"product_brand":[],"product_cat":[67,116],"product_tag":[],"class_list":{"0":"post-2474","1":"product","2":"type-product","3":"status-publish","4":"has-post-thumbnail","6":"product_cat-schutzhuelle-de","7":"product_cat-schutzhuelle-fuer-gongs-de","9":"first","10":"instock","11":"shipping-taxable","12":"purchasable","13":"product-type-simple"},"acf":[],"_links":{"self":[{"href":"https:\/\/toneoflifegongs.com\/de\/wp-json\/wp\/v2\/product\/2474","targetHints":{"allow":["GET"]}}],"collection":[{"href":"https:\/\/toneoflifegongs.com\/de\/wp-json\/wp\/v2\/product"}],"about":[{"href":"https:\/\/toneoflifegongs.com\/de\/wp-json\/wp\/v2\/types\/product"}],"replies":[{"embeddable":true,"href":"https:\/\/toneoflifegongs.com\/de\/wp-json\/wp\/v2\/comments?post=2474"}],"wp:featuredmedia":[{"embeddable":true,"href":"https:\/\/toneoflifegongs.com\/de\/wp-json\/wp\/v2\/media\/2441"}],"wp:attachment":[{"href":"https:\/\/toneoflifegongs.com\/de\/wp-json\/wp\/v2\/media?parent=2474"}],"wp:term":[{"taxonomy":"product_brand","embeddable":true,"href":"https:\/\/toneoflifegongs.com\/de\/wp-json\/wp\/v2\/product_brand?post=2474"},{"taxonomy":"product_cat","embeddable":true,"href":"https:\/\/toneoflifegongs.com\/de\/wp-json\/wp\/v2\/product_cat?post=2474"},{"taxonomy":"product_tag","embeddable":true,"href":"https:\/\/toneoflifegongs.com\/de\/wp-json\/wp\/v2\/product_tag?post=2474"}],"curies":[{"name":"wp","href":"https:\/\/api.w.org\/{rel}","templated":true}]}}