{"id":2427,"date":"2019-10-01T10:49:56","date_gmt":"2019-10-01T08:49:56","guid":{"rendered":"http:\/\/tol.adcookie.usermd.net\/?post_type=product&#038;p=2427"},"modified":"2022-10-19T22:57:33","modified_gmt":"2022-10-19T20:57:33","slug":"sun-gong-30-75-cm","status":"publish","type":"product","link":"https:\/\/toneoflifegongs.com\/de\/sun-gong-30-75-cm\/","title":{"rendered":"Sun Gong 30&#8220;- 75 cm"},"content":{"rendered":"<p>W\u00e4hrend der Herstellung des Sun-Gongs wurde schnell klar, dass seine hellen, starken Klang, die den Geist anregen und physisch am Kopf zu sp\u00fcren sind, den Klang von Shemoon erg\u00e4nzen. Obwohl der Sun Gong die perfekte Erg\u00e4nzung und der perfekte Partner f\u00fcr jede unserer Kreationen ist, sind Sun und Shemoon genau wie die Sonne und der Mond in unserem Naturzyklus ein Paar, das alles beleuchtet, was es ber\u00fchrt. Es gibt viele sch\u00f6ne und inspirierte Zitate und Gedichte \u00fcber diese magische, symbiotische, von Streitigkeiten \u00fcberf\u00fcllte Romanze der Gegens\u00e4tze; Element von Wasser und Feuer. Sie brauchen sich sehr, aber diese Beziehung muss perfekt ausbalanciert sein. Zusammen schaffen sie wundersch\u00f6ne Musik!<\/p>\n<p>Alle unsere Gongs werden von Hand aus einer Nickel-Silberl-Lgierung hergestellt und tragen die individuellen Spuren ihres Sch\u00f6pfers &#8230; Wir wollen keine Gongs direkt aus der Kosmetikindustrie mit perfektem Teint und einem v\u00f6llig unnat\u00fcrlichen Aussehen herstellen. Wir sind uns bewusst, dass die Menschen eine Vision der Perfektion haben, in der sie keine Spuren der Biographie des Werkes sehen, aber f\u00fcr uns ist es einfach ein Ausdruck der enormen K\u00fcnstlichkeit unserer Welt, der idealen Oberfl\u00e4che fast aller Objekte, die viel mehr Bedeutung zu haben scheinen als innere Werte, Spuren der Arbeit , Schmerz und Reife. Wir wollen unsere Spieler durch weitl\u00e4ufige und tief verborgene Dimensionen f\u00fchren, um zu zeigen, dass bei einem Gong der Klang z\u00e4hlt &#8230; nicht das Aussehen!<\/p>\n","protected":false},"excerpt":{"rendered":"<p>Die Kl\u00e4nge des Sun-Gongs 30\u2018\u2018-75 cm werden Ihre Stimmung heben. Hell und lebendig, lassen sie Sie Ihr reines kreatives Potenzial entfalten! Die Sonne hat die Kraft, \u00c4nderungen auszul\u00f6sen. Astrologisch ist es das Zentrum unseres Sonnensystems &#8230; indem wir aus der Tiefe die F\u00e4higkeit extrahieren, dem Leben entgegenzutreten, die mythischen Drachen unseres Unterbewusstseins zu bek\u00e4mpfen und Hindernisse zu \u00fcberwinden, die uns davon abhalten, den n\u00e4chsten Schritt zu machen.<\/p>\n","protected":false},"featured_media":3628,"comment_status":"open","ping_status":"closed","template":"","meta":{"_acf_changed":false},"product_brand":[],"product_cat":[71,63],"product_tag":[],"class_list":{"0":"post-2427","1":"product","2":"type-product","3":"status-publish","4":"has-post-thumbnail","6":"product_cat-tone-of-life-gongs-de","7":"product_cat-sun-gong-de","9":"first","10":"onbackorder","11":"shipping-taxable","12":"purchasable","13":"product-type-simple"},"acf":[],"_links":{"self":[{"href":"https:\/\/toneoflifegongs.com\/de\/wp-json\/wp\/v2\/product\/2427","targetHints":{"allow":["GET"]}}],"collection":[{"href":"https:\/\/toneoflifegongs.com\/de\/wp-json\/wp\/v2\/product"}],"about":[{"href":"https:\/\/toneoflifegongs.com\/de\/wp-json\/wp\/v2\/types\/product"}],"replies":[{"embeddable":true,"href":"https:\/\/toneoflifegongs.com\/de\/wp-json\/wp\/v2\/comments?post=2427"}],"wp:featuredmedia":[{"embeddable":true,"href":"https:\/\/toneoflifegongs.com\/de\/wp-json\/wp\/v2\/media\/3628"}],"wp:attachment":[{"href":"https:\/\/toneoflifegongs.com\/de\/wp-json\/wp\/v2\/media?parent=2427"}],"wp:term":[{"taxonomy":"product_brand","embeddable":true,"href":"https:\/\/toneoflifegongs.com\/de\/wp-json\/wp\/v2\/product_brand?post=2427"},{"taxonomy":"product_cat","embeddable":true,"href":"https:\/\/toneoflifegongs.com\/de\/wp-json\/wp\/v2\/product_cat?post=2427"},{"taxonomy":"product_tag","embeddable":true,"href":"https:\/\/toneoflifegongs.com\/de\/wp-json\/wp\/v2\/product_tag?post=2427"}],"curies":[{"name":"wp","href":"https:\/\/api.w.org\/{rel}","templated":true}]}}