{"id":2423,"date":"2019-09-30T14:10:12","date_gmt":"2019-09-30T12:10:14","guid":{"rendered":"http:\/\/tol.adcookie.usermd.net\/?post_type=product&#038;p=2423"},"modified":"2025-05-28T21:01:57","modified_gmt":"2025-05-28T19:01:57","slug":"shemoon-gong-30-75-cm","status":"publish","type":"product","link":"https:\/\/toneoflifegongs.com\/de\/shemoon-gong-30-75-cm\/","title":{"rendered":"Shemoon Gong 30&#8220;- 75 cm"},"content":{"rendered":"<p>Der Shemoon-Gong verbindet sich mit unseren Emotionen und Gef\u00fchlen. Er hat einen tiefen Klangton, der hier und da mit magischen Glocken mitklingelt. Bringt Ruhe, Stille, W\u00e4rme und Sanftmut. Wie ein flie\u00dfender Strom richtet er unsere Aufmerksamkeit auf die Gegenwart.<\/p>\n<p>Alle unsere Gongs werden von Hand aus einer Nickel-Silberl-Lgierung hergestellt und tragen die individuellen Spuren ihres Sch\u00f6pfers &#8230; Wir wollen keine Gongs direkt aus der Kosmetikindustrie mit perfektem Teint und einem v\u00f6llig unnat\u00fcrlichen Aussehen herstellen. Wir sind uns bewusst, dass die Menschen eine Vision der Perfektion haben, in der sie keine Spuren der Biographie des Werkes sehen, aber f\u00fcr uns ist es einfach ein Ausdruck der enormen K\u00fcnstlichkeit unserer Welt, der idealen Oberfl\u00e4che fast aller Objekte, die viel mehr Bedeutung zu haben scheinen als innere Werte, Spuren der Arbeit , Schmerz und Reife. Wir wollen unsere Spieler durch weitl\u00e4ufige und tief verborgene Dimensionen f\u00fchren, um zu zeigen, dass bei einem Gong der Klang z\u00e4hlt &#8230; nicht das Aussehen!<\/p>\n","protected":false},"excerpt":{"rendered":"<p>Der Shemoon-Gong mit einer Gr\u00f6\u00dfe von 30\u2018\u2018-75 cm hat hier und da einen tiefen Klangton der mit magischen Glocken mitklingelt. Bringt Ruhe, Stille, W\u00e4rme und Sanftmut. Wie ein flie\u00dfender Strom richtet er unsere Aufmerksamkeit auf die Gegenwart. Er hat abnehmende tiefe T\u00f6ne und zeichnet sich durch sehr hohe Frequenzen aus.<\/p>\n","protected":false},"featured_media":3616,"comment_status":"open","ping_status":"closed","template":"","meta":{"_acf_changed":false},"product_brand":[],"product_cat":[71,61],"product_tag":[],"class_list":{"0":"post-2423","1":"product","2":"type-product","3":"status-publish","4":"has-post-thumbnail","6":"product_cat-tone-of-life-gongs-de","7":"product_cat-shemoon-gong-de","9":"first","10":"onbackorder","11":"shipping-taxable","12":"purchasable","13":"product-type-simple"},"acf":[],"_links":{"self":[{"href":"https:\/\/toneoflifegongs.com\/de\/wp-json\/wp\/v2\/product\/2423","targetHints":{"allow":["GET"]}}],"collection":[{"href":"https:\/\/toneoflifegongs.com\/de\/wp-json\/wp\/v2\/product"}],"about":[{"href":"https:\/\/toneoflifegongs.com\/de\/wp-json\/wp\/v2\/types\/product"}],"replies":[{"embeddable":true,"href":"https:\/\/toneoflifegongs.com\/de\/wp-json\/wp\/v2\/comments?post=2423"}],"wp:featuredmedia":[{"embeddable":true,"href":"https:\/\/toneoflifegongs.com\/de\/wp-json\/wp\/v2\/media\/3616"}],"wp:attachment":[{"href":"https:\/\/toneoflifegongs.com\/de\/wp-json\/wp\/v2\/media?parent=2423"}],"wp:term":[{"taxonomy":"product_brand","embeddable":true,"href":"https:\/\/toneoflifegongs.com\/de\/wp-json\/wp\/v2\/product_brand?post=2423"},{"taxonomy":"product_cat","embeddable":true,"href":"https:\/\/toneoflifegongs.com\/de\/wp-json\/wp\/v2\/product_cat?post=2423"},{"taxonomy":"product_tag","embeddable":true,"href":"https:\/\/toneoflifegongs.com\/de\/wp-json\/wp\/v2\/product_tag?post=2423"}],"curies":[{"name":"wp","href":"https:\/\/api.w.org\/{rel}","templated":true}]}}