{"id":2415,"date":"2019-09-30T13:52:40","date_gmt":"2019-09-30T11:52:40","guid":{"rendered":"http:\/\/tol.adcookie.usermd.net\/?post_type=product&#038;p=2415"},"modified":"2026-01-07T23:52:50","modified_gmt":"2026-01-07T22:52:50","slug":"dream-gong-25-62-cm","status":"publish","type":"product","link":"https:\/\/toneoflifegongs.com\/de\/dream-gong-25-62-cm\/","title":{"rendered":"Dream Gong 25&#8220;-62 cm"},"content":{"rendered":"<p>Der Klang des Dream-Gongs ist leise, zart und sanft wie ein Wiegenlied, dessen nachlaufender Klang Sie in die Welt der Tr\u00e4ume entf\u00fchrt, in der Sie tr\u00e4umen k\u00f6nnen!<\/p>\n<p>Alle unsere Gongs werden von Hand aus einer Nickel-Silberl-Lgierung hergestellt und tragen die individuellen Spuren ihres Sch\u00f6pfers &#8230; Wir wollen keine Gongs direkt aus der Kosmetikindustrie mit perfektem Teint und einem v\u00f6llig unnat\u00fcrlichen Aussehen herstellen. Wir sind uns bewusst, dass die Menschen eine Vision der Perfektion haben, in der sie keine Spuren der Biographie des Werkes sehen, aber f\u00fcr uns ist es einfach ein Ausdruck der enormen K\u00fcnstlichkeit unserer Welt, der idealen Oberfl\u00e4che fast aller Objekte, die viel mehr Bedeutung zu haben scheinen als innere Werte, Spuren der Arbeit , Schmerz und Reife. Wir wollen unsere Spieler durch weitl\u00e4ufige und tief verborgene Dimensionen f\u00fchren, um zu zeigen, dass bei einem Gong der Klang z\u00e4hlt &#8230; nicht das Aussehen!<\/p>\n","protected":false},"excerpt":{"rendered":"<p>Der Klang des Dream-Gongs ist leise, zart und sanft wie ein Wiegenlied, dessen nachlaufender Klang Sie in die Welt der Tr\u00e4ume entf\u00fchrt, in der Sie tr\u00e4umen k\u00f6nnen!<\/p>\n","protected":false},"featured_media":3584,"comment_status":"open","ping_status":"closed","template":"","meta":{"_acf_changed":false},"product_brand":[],"product_cat":[71,59],"product_tag":[],"class_list":{"0":"post-2415","1":"product","2":"type-product","3":"status-publish","4":"has-post-thumbnail","6":"product_cat-tone-of-life-gongs-de","7":"product_cat-dream-gong-de","9":"first","10":"onbackorder","11":"shipping-taxable","12":"purchasable","13":"product-type-simple"},"acf":[],"_links":{"self":[{"href":"https:\/\/toneoflifegongs.com\/de\/wp-json\/wp\/v2\/product\/2415","targetHints":{"allow":["GET"]}}],"collection":[{"href":"https:\/\/toneoflifegongs.com\/de\/wp-json\/wp\/v2\/product"}],"about":[{"href":"https:\/\/toneoflifegongs.com\/de\/wp-json\/wp\/v2\/types\/product"}],"replies":[{"embeddable":true,"href":"https:\/\/toneoflifegongs.com\/de\/wp-json\/wp\/v2\/comments?post=2415"}],"wp:featuredmedia":[{"embeddable":true,"href":"https:\/\/toneoflifegongs.com\/de\/wp-json\/wp\/v2\/media\/3584"}],"wp:attachment":[{"href":"https:\/\/toneoflifegongs.com\/de\/wp-json\/wp\/v2\/media?parent=2415"}],"wp:term":[{"taxonomy":"product_brand","embeddable":true,"href":"https:\/\/toneoflifegongs.com\/de\/wp-json\/wp\/v2\/product_brand?post=2415"},{"taxonomy":"product_cat","embeddable":true,"href":"https:\/\/toneoflifegongs.com\/de\/wp-json\/wp\/v2\/product_cat?post=2415"},{"taxonomy":"product_tag","embeddable":true,"href":"https:\/\/toneoflifegongs.com\/de\/wp-json\/wp\/v2\/product_tag?post=2415"}],"curies":[{"name":"wp","href":"https:\/\/api.w.org\/{rel}","templated":true}]}}