{"id":2407,"date":"2019-09-30T13:36:50","date_gmt":"2019-09-30T11:36:50","guid":{"rendered":"http:\/\/tol.adcookie.usermd.net\/?post_type=product&#038;p=2407"},"modified":"2026-02-18T11:50:48","modified_gmt":"2026-02-18T10:50:48","slug":"dance-gong-22-54-cm","status":"publish","type":"product","link":"https:\/\/toneoflifegongs.com\/de\/dance-gong-22-54-cm\/","title":{"rendered":"Dance Gong 22&#8220;-54 cm"},"content":{"rendered":"<p>Der Dance-Gong kann Zeremonien im Freien heiligen. Es hat einen speziellen Holzseilgriff, der das Halten f\u00fcr lange Zeit erleichtert. Dank der sehr gespannten Oberfl\u00e4che breitet sich der Klang nach allen Seiten aus! Einer unserer Bestseller.<\/p>\n<p>Alle unsere Gongs werden von Hand aus einer Nickel-Silberl-Lgierung hergestellt und tragen die individuellen Spuren ihres Sch\u00f6pfers &#8230; Wir wollen keine Gongs direkt aus der Kosmetikindustrie mit perfektem Teint und einem v\u00f6llig unnat\u00fcrlichen Aussehen herstellen. Wir sind uns bewusst, dass die Menschen eine Vision der Perfektion haben, in der sie keine Spuren der Biographie des Werkes sehen, aber f\u00fcr uns ist es einfach ein Ausdruck der enormen K\u00fcnstlichkeit unserer Welt, der idealen Oberfl\u00e4che fast aller Objekte, die viel mehr Bedeutung zu haben scheinen als innere Werte, Spuren der Arbeit , Schmerz und Reife. Wir wollen unsere Spieler durch weitl\u00e4ufige und tief verborgene Dimensionen f\u00fchren, um zu zeigen, dass bei einem Gong der Klang z\u00e4hlt &#8230; nicht das Aussehen!<\/p>\n","protected":false},"excerpt":{"rendered":"<p>Der kleine 54 cm Dance-Gong bietet eine erstaunliche Auswahl an mittleren und hohen T\u00f6nen. Mit einem gro\u00dfen und gut ausbalancierten Schl\u00e4gel k\u00f6nnen wir es wie einen Gong und eine Rahmentrommel gleichzeitig spielen. Dieser Gong eignet sich hervorragend zum Tragen beim Spielen. Leicht und erschwinglich, wiegt<span class=\"Apple-converted-space\">\u00a0 <\/span>nur 4 Kilogramm.<\/p>\n","protected":false},"featured_media":3818,"comment_status":"open","ping_status":"closed","template":"","meta":{"_acf_changed":false},"product_brand":[],"product_cat":[71,58],"product_tag":[],"class_list":{"0":"post-2407","1":"product","2":"type-product","3":"status-publish","4":"has-post-thumbnail","6":"product_cat-tone-of-life-gongs-de","7":"product_cat-dance-gongs-de","9":"first","10":"onbackorder","11":"shipping-taxable","12":"purchasable","13":"product-type-simple"},"acf":[],"_links":{"self":[{"href":"https:\/\/toneoflifegongs.com\/de\/wp-json\/wp\/v2\/product\/2407","targetHints":{"allow":["GET"]}}],"collection":[{"href":"https:\/\/toneoflifegongs.com\/de\/wp-json\/wp\/v2\/product"}],"about":[{"href":"https:\/\/toneoflifegongs.com\/de\/wp-json\/wp\/v2\/types\/product"}],"replies":[{"embeddable":true,"href":"https:\/\/toneoflifegongs.com\/de\/wp-json\/wp\/v2\/comments?post=2407"}],"wp:featuredmedia":[{"embeddable":true,"href":"https:\/\/toneoflifegongs.com\/de\/wp-json\/wp\/v2\/media\/3818"}],"wp:attachment":[{"href":"https:\/\/toneoflifegongs.com\/de\/wp-json\/wp\/v2\/media?parent=2407"}],"wp:term":[{"taxonomy":"product_brand","embeddable":true,"href":"https:\/\/toneoflifegongs.com\/de\/wp-json\/wp\/v2\/product_brand?post=2407"},{"taxonomy":"product_cat","embeddable":true,"href":"https:\/\/toneoflifegongs.com\/de\/wp-json\/wp\/v2\/product_cat?post=2407"},{"taxonomy":"product_tag","embeddable":true,"href":"https:\/\/toneoflifegongs.com\/de\/wp-json\/wp\/v2\/product_tag?post=2407"}],"curies":[{"name":"wp","href":"https:\/\/api.w.org\/{rel}","templated":true}]}}