{"id":2403,"date":"2019-09-30T13:20:19","date_gmt":"2019-09-30T11:20:19","guid":{"rendered":"http:\/\/tol.adcookie.usermd.net\/?post_type=product&#038;p=2403"},"modified":"2025-05-19T20:26:30","modified_gmt":"2025-05-19T18:26:30","slug":"fire-gong-30-75-cm","status":"publish","type":"product","link":"https:\/\/toneoflifegongs.com\/de\/fire-gong-30-75-cm\/","title":{"rendered":"Fire Gong 30&#8220;-75 cm"},"content":{"rendered":"<p>Der Gong Fire 30\u2033 75 cm ist einer der unseren therapeutischen Gongs aus der 4-Elemente-Serie. Durch subtile Bewegungen k\u00f6nnen Sie die unterschiedlichsten Farben hervorbringen. Dar\u00fcber hinaus ist dieser Gong angenehm f\u00fcr das Auge, gl\u00e4nzend und schimmernd mit Farben w\u00e4hrend des Spiels &#8230; Wie Feuer entz\u00fcndet er unsere Sinne. Das Spielen erfordert eine v\u00f6llig neue Herangehensweise und Erfahrung. Das Element Feuer symbolisiert die Kraft, die alle vorhandenen Formen belebt. Verf\u00fcgbar in zwei Gr\u00f6\u00dfen.<\/p>\n<p>Alle unsere Gongs werden von Hand aus einer Nickel-Silberl-Lgierung hergestellt und tragen die individuellen Spuren ihres Sch\u00f6pfers &#8230; Wir wollen keine Gongs direkt aus der Kosmetikindustrie mit perfektem Teint und einem v\u00f6llig unnat\u00fcrlichen Aussehen herstellen. Wir sind uns bewusst, dass die Menschen eine Vision der Perfektion haben, in der sie keine Spuren der Biographie des Werkes sehen, aber f\u00fcr uns ist es einfach ein Ausdruck der enormen K\u00fcnstlichkeit unserer Welt, der idealen Oberfl\u00e4che fast aller Objekte, die viel mehr Bedeutung zu haben scheinen als innere Werte, Spuren der Arbeit , Schmerz und Reife. Wir wollen unsere Spieler durch weitl\u00e4ufige und tief verborgene Dimensionen f\u00fchren, um zu zeigen, dass bei einem Gong der Klang z\u00e4hlt &#8230; nicht das Aussehen!<\/p>\n","protected":false},"excerpt":{"rendered":"<p>Zarter Gong mit sehr klarem Klang. Voller Vitalit\u00e4t, Lebenskraft und W\u00e4rme. Sanft von einem gro\u00dfen Schl\u00e4ger getroffen, erzeugt er sch\u00f6ne tiefe T\u00f6ne. Dank des kontinuierlichen rhythmischen Schlagens erzeugt jede zus\u00e4tzliche Tonschicht eine sch\u00f6ne Palette von mittleren und hohen T\u00f6nen.<\/p>\n","protected":false},"featured_media":3608,"comment_status":"open","ping_status":"closed","template":"","meta":{"_acf_changed":false},"product_brand":[],"product_cat":[71,60],"product_tag":[],"class_list":{"0":"post-2403","1":"product","2":"type-product","3":"status-publish","4":"has-post-thumbnail","6":"product_cat-tone-of-life-gongs-de","7":"product_cat-fire-gongs-de","9":"first","10":"instock","11":"shipping-taxable","12":"purchasable","13":"product-type-simple"},"acf":[],"_links":{"self":[{"href":"https:\/\/toneoflifegongs.com\/de\/wp-json\/wp\/v2\/product\/2403","targetHints":{"allow":["GET"]}}],"collection":[{"href":"https:\/\/toneoflifegongs.com\/de\/wp-json\/wp\/v2\/product"}],"about":[{"href":"https:\/\/toneoflifegongs.com\/de\/wp-json\/wp\/v2\/types\/product"}],"replies":[{"embeddable":true,"href":"https:\/\/toneoflifegongs.com\/de\/wp-json\/wp\/v2\/comments?post=2403"}],"wp:featuredmedia":[{"embeddable":true,"href":"https:\/\/toneoflifegongs.com\/de\/wp-json\/wp\/v2\/media\/3608"}],"wp:attachment":[{"href":"https:\/\/toneoflifegongs.com\/de\/wp-json\/wp\/v2\/media?parent=2403"}],"wp:term":[{"taxonomy":"product_brand","embeddable":true,"href":"https:\/\/toneoflifegongs.com\/de\/wp-json\/wp\/v2\/product_brand?post=2403"},{"taxonomy":"product_cat","embeddable":true,"href":"https:\/\/toneoflifegongs.com\/de\/wp-json\/wp\/v2\/product_cat?post=2403"},{"taxonomy":"product_tag","embeddable":true,"href":"https:\/\/toneoflifegongs.com\/de\/wp-json\/wp\/v2\/product_tag?post=2403"}],"curies":[{"name":"wp","href":"https:\/\/api.w.org\/{rel}","templated":true}]}}