{"id":2395,"date":"2019-09-30T12:07:15","date_gmt":"2019-09-30T10:07:16","guid":{"rendered":"http:\/\/tol.adcookie.usermd.net\/?post_type=product&#038;p=2395"},"modified":"2020-01-24T14:09:47","modified_gmt":"2020-01-24T13:09:47","slug":"air-cosmo-gong-36-90-cm","status":"publish","type":"product","link":"https:\/\/toneoflifegongs.com\/de\/air-cosmo-gong-36-90-cm\/","title":{"rendered":"Air Cosmo Gong 36&#8220;-90 cm"},"content":{"rendered":"<p>Der Gong Air Cosmo 36\u2033 -90 cm ist einer der unseren therapeutischen Gongs aus der 4-Elemente-Serie.Sein Klang ist wundersch\u00f6n, \u00e4therisch, zentriert, solide. Der Klangcharakter ist sehr hell, kristallklar, angenehm. Die therapeutische Serie von 4 Elementen ist ein inspiriertes Konzept von SilverNickel Gong, an dem wir seit 2013 arbeiten. Unter der Leitung von Johannes Heimrath und Tom Soltron Czartoryski wurde jeder dieser Gongs anders hergestellt, um einen Klang zu erzeugen, der ihn an sein entsprechendes Element erinnert. Das ist nat\u00fcrlich subjektiv.<\/p>\n<p>Alle unsere Gongs werden von Hand aus einer Nickel-Silberl-Lgierung hergestellt und tragen die individuellen Spuren ihres Sch\u00f6pfers &#8230; Wir wollen keine Gongs direkt aus der Kosmetikindustrie mit perfektem Teint und einem v\u00f6llig unnat\u00fcrlichen Aussehen herstellen. Wir sind uns bewusst, dass die Menschen eine Vision der Perfektion haben, in der sie keine Spuren der Biographie des Werkes sehen, aber f\u00fcr uns ist es einfach ein Ausdruck der enormen K\u00fcnstlichkeit unserer Welt, der idealen Oberfl\u00e4che fast aller Objekte, die viel mehr Bedeutung zu haben scheinen als innere Werte, Spuren der Arbeit , Schmerz und Reife. Wir wollen unsere Spieler durch weitl\u00e4ufige und tief verborgene Dimensionen f\u00fchren, um zu zeigen, dass bei einem Gong der Klang z\u00e4hlt &#8230; nicht das Aussehen!<\/p>\n","protected":false},"excerpt":{"rendered":"<p>Der Gong Air Cosmo 36\u2033 -90 cm ist einer der unseren therapeutischen Gongs aus der 4-Elemente-Serie.Sein Klang ist wundersch\u00f6n, offen, reich, nicht von dieser Welt. Einer der universellsten Sounds in unserer Sammlung.<\/p>\n","protected":false},"featured_media":3564,"comment_status":"open","ping_status":"closed","template":"","meta":{"_acf_changed":false},"product_brand":[],"product_cat":[71,57],"product_tag":[],"class_list":{"0":"post-2395","1":"product","2":"type-product","3":"status-publish","4":"has-post-thumbnail","6":"product_cat-tone-of-life-gongs-de","7":"product_cat-air-cosmo-gongs-de","9":"first","10":"instock","11":"featured","12":"shipping-taxable","13":"purchasable","14":"product-type-simple"},"acf":[],"_links":{"self":[{"href":"https:\/\/toneoflifegongs.com\/de\/wp-json\/wp\/v2\/product\/2395","targetHints":{"allow":["GET"]}}],"collection":[{"href":"https:\/\/toneoflifegongs.com\/de\/wp-json\/wp\/v2\/product"}],"about":[{"href":"https:\/\/toneoflifegongs.com\/de\/wp-json\/wp\/v2\/types\/product"}],"replies":[{"embeddable":true,"href":"https:\/\/toneoflifegongs.com\/de\/wp-json\/wp\/v2\/comments?post=2395"}],"wp:featuredmedia":[{"embeddable":true,"href":"https:\/\/toneoflifegongs.com\/de\/wp-json\/wp\/v2\/media\/3564"}],"wp:attachment":[{"href":"https:\/\/toneoflifegongs.com\/de\/wp-json\/wp\/v2\/media?parent=2395"}],"wp:term":[{"taxonomy":"product_brand","embeddable":true,"href":"https:\/\/toneoflifegongs.com\/de\/wp-json\/wp\/v2\/product_brand?post=2395"},{"taxonomy":"product_cat","embeddable":true,"href":"https:\/\/toneoflifegongs.com\/de\/wp-json\/wp\/v2\/product_cat?post=2395"},{"taxonomy":"product_tag","embeddable":true,"href":"https:\/\/toneoflifegongs.com\/de\/wp-json\/wp\/v2\/product_tag?post=2395"}],"curies":[{"name":"wp","href":"https:\/\/api.w.org\/{rel}","templated":true}]}}