{"id":2381,"date":"2019-09-27T14:40:54","date_gmt":"2019-09-27T12:40:54","guid":{"rendered":"http:\/\/tol.adcookie.usermd.net\/?post_type=product&#038;p=2381"},"modified":"2025-05-19T20:12:24","modified_gmt":"2025-05-19T18:12:24","slug":"water-gong-25-62-cm","status":"publish","type":"product","link":"https:\/\/toneoflifegongs.com\/de\/water-gong-25-62-cm\/","title":{"rendered":"Water Gong 25&#8220;- 62 cm"},"content":{"rendered":"<p>Der Gong Water 25\u2033 \u2013 62 cm ist einer der unseren therapeutischen Gongs aus der 4-Elemente-Serie. W\u00e4hrend Shemoon die Ebbe und Flut unserer Gew\u00e4sser repr\u00e4sentiert und beeinflusst, repr\u00e4sentiert der Water-Gong Wasser in all seinen Formen. Wasser-Gong wird in sechs Gr\u00f6\u00dfen hergestellt. Jedes von ihnen hat seine eigenen Besonderheiten, aber alle haben die Qualit\u00e4t des Elements Wasser. Dieser Gong ist nahrhaft und lebensspendend und verbindet uns mit dem tiefen Wissen unserer Vorfahren, unseren Gef\u00fchlen und Emotionen. Er bezaubert uns mit seinem sch\u00f6nen Erscheinungsbild und seinem fesselnden Klang.<\/p>\n<p>Alle unsere Gongs werden von Hand aus einer Nickel-Silberl-Lgierung hergestellt und tragen die individuellen Spuren ihres Sch\u00f6pfers &#8230; Wir wollen keine Gongs direkt aus der Kosmetikindustrie mit perfektem Teint und einem v\u00f6llig unnat\u00fcrlichen Aussehen herstellen. Wir sind uns bewusst, dass die Menschen eine Vision der Perfektion haben, in der sie keine Spuren der Biographie des Werkes sehen, aber f\u00fcr uns ist es einfach ein Ausdruck der enormen K\u00fcnstlichkeit unserer Welt, der idealen Oberfl\u00e4che fast aller Objekte, die viel mehr Bedeutung zu haben scheinen als innere Werte, Spuren der Arbeit , Schmerz und Reife. Wir wollen unsere Spieler durch weitl\u00e4ufige und tief verborgene Dimensionen f\u00fchren, um zu zeigen, dass bei einem Gong der Klang z\u00e4hlt &#8230; nicht das Aussehen!<\/p>\n","protected":false},"excerpt":{"rendered":"<p>Der Water-Gong hat einen sehr tiefen, nat\u00fcrlichen, rohen und gleichm\u00e4\u00dfigen Klang, genau wie das Wasser um uns herum, von einem ruhigen See bis zu einem tobenden Ozean. Eine gro\u00dfe Klangvielfalt mit einer sch\u00f6nen Steigerung der niedrigen, mittleren und hohen T\u00f6ne.<\/p>\n","protected":false},"featured_media":3640,"comment_status":"open","ping_status":"closed","template":"","meta":{"_acf_changed":false},"product_brand":[],"product_cat":[71,65],"product_tag":[],"class_list":{"0":"post-2381","1":"product","2":"type-product","3":"status-publish","4":"has-post-thumbnail","6":"product_cat-tone-of-life-gongs-de","7":"product_cat-water-gongs-de","9":"first","10":"instock","11":"shipping-taxable","12":"purchasable","13":"product-type-simple"},"acf":[],"_links":{"self":[{"href":"https:\/\/toneoflifegongs.com\/de\/wp-json\/wp\/v2\/product\/2381","targetHints":{"allow":["GET"]}}],"collection":[{"href":"https:\/\/toneoflifegongs.com\/de\/wp-json\/wp\/v2\/product"}],"about":[{"href":"https:\/\/toneoflifegongs.com\/de\/wp-json\/wp\/v2\/types\/product"}],"replies":[{"embeddable":true,"href":"https:\/\/toneoflifegongs.com\/de\/wp-json\/wp\/v2\/comments?post=2381"}],"wp:featuredmedia":[{"embeddable":true,"href":"https:\/\/toneoflifegongs.com\/de\/wp-json\/wp\/v2\/media\/3640"}],"wp:attachment":[{"href":"https:\/\/toneoflifegongs.com\/de\/wp-json\/wp\/v2\/media?parent=2381"}],"wp:term":[{"taxonomy":"product_brand","embeddable":true,"href":"https:\/\/toneoflifegongs.com\/de\/wp-json\/wp\/v2\/product_brand?post=2381"},{"taxonomy":"product_cat","embeddable":true,"href":"https:\/\/toneoflifegongs.com\/de\/wp-json\/wp\/v2\/product_cat?post=2381"},{"taxonomy":"product_tag","embeddable":true,"href":"https:\/\/toneoflifegongs.com\/de\/wp-json\/wp\/v2\/product_tag?post=2381"}],"curies":[{"name":"wp","href":"https:\/\/api.w.org\/{rel}","templated":true}]}}