{"id":2371,"date":"2019-09-27T13:37:21","date_gmt":"2019-09-27T11:37:21","guid":{"rendered":"http:\/\/tol.adcookie.usermd.net\/?post_type=product&#038;p=2371"},"modified":"2020-01-24T13:58:00","modified_gmt":"2020-01-24T12:58:00","slug":"earth-gong-30-75-cm","status":"publish","type":"product","link":"https:\/\/toneoflifegongs.com\/de\/earth-gong-30-75-cm\/","title":{"rendered":"Earth Gong 30&#8220;-75 cm"},"content":{"rendered":"<p>Der Gong Earth 30\u2018\u2018-75 cm ist einer der unseren therapeutischen Gongs aus der 4-Elemente-Serie. Sein Klang ist erzeugen tiefe Kl\u00e4nge aus dem Scho\u00df von Mutter Erde. Wenn wir vorsichtig und sanft spielen, wird der aliquote Gesang des Chores zu einem sch\u00f6nen Lied. Kl\u00e4nge bewegen sich vom \u00c4therischen zum Materiellen, voll und greifbar. Der Klang \u00e4hnelt der Lava in Innern eines Vulkans. Die Erdnaturgewalt<span class=\"Apple-converted-space\">\u00a0 <\/span>ist mit der Ebene der materiellen Existenz verbunden, der Kondensation des Geistes in eine materielle Form. Verf\u00fcgbar in f\u00fcnf Gr\u00f6\u00dfen.<\/p>\n<p>Alle unseren Gongs sind handgefertigt, aus Silber-Nickel-Legierung und tragen die individuellen Spuren ihres Sch\u00f6pfers &#8230; .Wir wollen keine Gongs direkt aus der Kosmetikindustrie mit einem perfekten Teint und einer v\u00f6llig unnat\u00fcrlichen Aufmachung herstellen. Wir sind uns bewusst, dass die Menschen eine Vision der Vollkommenheit haben, in der sie keine Spuren der Biographie des Werkes sehen, aber f\u00fcr uns ist es einfach ein Ausdruck der enormen K\u00fcnstlichkeit unserer Welt, der idealen Oberfl\u00e4che fast jedes Objekts, das eine viel gr\u00f6\u00dfere Bedeutung zu haben scheint als innere Werte, Spuren der Arbeit, Schmerz und Reife.<span class=\"Apple-converted-space\">\u00a0 <\/span>Wir wollen unsere Spieler durch die riesigen und tief verborgenen Dimensionen f\u00fchren, um zu zeigen, dass bei dem Gong der Klang z\u00e4hlt &#8230;. nicht die das Erscheinungsbild!<\/p>\n","protected":false},"excerpt":{"rendered":"<p>Sanfter Gong mit breitem Bass- und Mitteltonbereich, konstanter Klang mit Akzent auf Tief- und Harmonik. Zuh\u00f6rer nennen diesen Klang oft &#8222;aus dem Inneren der Erde kommend&#8220;.<\/p>\n","protected":false},"featured_media":3592,"comment_status":"open","ping_status":"closed","template":"","meta":{"_acf_changed":false},"product_brand":[],"product_cat":[64,71],"product_tag":[],"class_list":{"0":"post-2371","1":"product","2":"type-product","3":"status-publish","4":"has-post-thumbnail","6":"product_cat-earth-gongs-de","7":"product_cat-tone-of-life-gongs-de","9":"first","10":"instock","11":"featured","12":"shipping-taxable","13":"purchasable","14":"product-type-simple"},"acf":[],"_links":{"self":[{"href":"https:\/\/toneoflifegongs.com\/de\/wp-json\/wp\/v2\/product\/2371","targetHints":{"allow":["GET"]}}],"collection":[{"href":"https:\/\/toneoflifegongs.com\/de\/wp-json\/wp\/v2\/product"}],"about":[{"href":"https:\/\/toneoflifegongs.com\/de\/wp-json\/wp\/v2\/types\/product"}],"replies":[{"embeddable":true,"href":"https:\/\/toneoflifegongs.com\/de\/wp-json\/wp\/v2\/comments?post=2371"}],"wp:featuredmedia":[{"embeddable":true,"href":"https:\/\/toneoflifegongs.com\/de\/wp-json\/wp\/v2\/media\/3592"}],"wp:attachment":[{"href":"https:\/\/toneoflifegongs.com\/de\/wp-json\/wp\/v2\/media?parent=2371"}],"wp:term":[{"taxonomy":"product_brand","embeddable":true,"href":"https:\/\/toneoflifegongs.com\/de\/wp-json\/wp\/v2\/product_brand?post=2371"},{"taxonomy":"product_cat","embeddable":true,"href":"https:\/\/toneoflifegongs.com\/de\/wp-json\/wp\/v2\/product_cat?post=2371"},{"taxonomy":"product_tag","embeddable":true,"href":"https:\/\/toneoflifegongs.com\/de\/wp-json\/wp\/v2\/product_tag?post=2371"}],"curies":[{"name":"wp","href":"https:\/\/api.w.org\/{rel}","templated":true}]}}